{"id":4169,"date":"2015-06-16T08:54:58","date_gmt":"2015-06-16T08:54:58","guid":{"rendered":"http:\/\/www.jandewaaltransport.nl\/?page_id=4169"},"modified":"2024-10-27T20:35:17","modified_gmt":"2024-10-27T20:35:17","slug":"home-corporate","status":"publish","type":"page","link":"https:\/\/www.jandewaaltransport.nl\/?lang=fr","title":{"rendered":"Home &#8211; Corporate FR"},"content":{"rendered":"<div class=\"wpb-content-wrapper\"><p>[vc_row row_fullwidth=\u00a0\u00bb1&Prime; row_fullheight=\u00a0\u00bb1&Prime; bg_slider=\u00a0\u00bbon\u00a0\u00bb css=\u00a0\u00bb.vc_custom_1433875410903{margin-top: 0px !important;margin-bottom: 0px !important;padding-top: 70px !important;padding-right: 20px !important;padding-bottom: 30px !important;padding-left: 20px !important;background-color: #000000 !important;}\u00a0\u00bb bg_slider_images=\u00a0\u00bb739,738,740&Prime; font_color=\u00a0\u00bb#ffffff\u00a0\u00bb][vc_column][vc_custom_heading text=\u00a0\u00bbVOTRE PARTENAIRE EN FRUITS ET L\u00c9GUMES TRANSPORT\u00a0\u00bb font_container=\u00a0\u00bbtag:h2|font_size:60|text_align:center|color:%23ffffff|line_height:74px\u00a0\u00bb google_fonts=\u00a0\u00bbfont_family:Raleway%3A100%2C200%2C300%2Cregular%2C500%2C600%2C700%2C800%2C900|font_style:800%20bold%20regular%3A800%3Anormal\u00a0\u00bb css=\u00a0\u00bb.vc_custom_1434445375597{padding-right: 20% !important;padding-left: 20% !important;}\u00a0\u00bb][\/vc_column][\/vc_row][vc_row][vc_column][vc_row_inner css=\u00a0\u00bb.vc_custom_1416176578535{padding-top: 280px !important;}\u00a0\u00bb][vc_column_inner width=\u00a0\u00bb1\/2&Prime;]<div class=\"ozy-simlple-info-box\" id=\"simple-info-box-6655\"  style=\"background:url(https:\/\/www.jandewaaltransport.nl\/wp-content\/uploads\/2024\/10\/samenwerking.jpg)\"><section><h5>EXPANSION<\/h5><h2>EXPANSION<\/h2><p>Van Ooijen Transport et Freshgard Warehousing rejoignent le partenariat de Jan Deckers Jan de Waal et Deij Transport.<\/p><a href=\"https:\/\/www.jandewaaltransport.nl\/index.php\/home-jan-de-waal\/on-jan-de-waal\/a-propos-de-nous-jan-de-waal\/?lang=fr\" target=\"_parent\">EN SAVOIR PLUS<\/a>\n<\/section>\n<\/div>[\/vc_column_inner][vc_column_inner width=\u00a0\u00bb1\/2&Prime;]<div class=\"ozy-simlple-info-box\" id=\"simple-info-box-1942\"  style=\"background:url(https:\/\/www.jandewaaltransport.nl\/wp-content\/uploads\/2014\/11\/3939354.jpg)\"><section><h5>S\u00dbR ET FIABLE<\/h5><h2>STOCKAGE ET LA MANIPULATION<\/h2><p>Manipulation, cross-docking, logistique \u00e0 valeur ajout\u00e9e, le contr\u00f4le des stocks et le transport \u00e0 des clients install\u00e9s dans le temps.<\/p><a href=\"https:\/\/www.jandewaaltransport.nl\/index.php\/services-4\/stockage-et-le-transfert\/?lang=fr\" target=\"_parent\">EN SAVOIR PLUS<\/a>\n<\/section>\n<\/div>[\/vc_column_inner][\/vc_row_inner][\/vc_column][\/vc_row]<\/p>\n<\/div>","protected":false},"excerpt":{"rendered":"<p>[vc_row row_fullwidth=\u00a0\u00bb1&Prime; row_fullheight=\u00a0\u00bb1&Prime; bg_slider=\u00a0\u00bbon\u00a0\u00bb css=\u00a0\u00bb.vc_custom_1433875410903{margin-top: 0px !important;margin-bottom: 0px !important;padding-top: 70px !important;padding-right: 20px !important;padding-bottom: 30px !important;padding-left: 20px !important;background-color: #000000 !important;}\u00a0\u00bb bg_slider_images=\u00a0\u00bb739,738,740&Prime; font_color=\u00a0\u00bb#ffffff\u00a0\u00bb][vc_column][vc_custom_heading text=\u00a0\u00bbVOTRE PARTENAIRE EN FRUITS ET L\u00c9GUMES TRANSPORT\u00a0\u00bb font_container=\u00a0\u00bbtag:h2|font_size:60|text_align:center|color:%23ffffff|line_height:74px\u00a0\u00bb google_fonts=\u00a0\u00bbfont_family:Raleway%3A100%2C200%2C300%2Cregular%2C500%2C600%2C700%2C800%2C900|font_style:800%20bold%20regular%3A800%3Anormal\u00a0\u00bb [&hellip;]<\/p>\n","protected":false},"author":1,"featured_media":0,"parent":4127,"menu_order":0,"comment_status":"closed","ping_status":"closed","template":"","meta":{"footnotes":""},"class_list":["post-4169","page","type-page","status-publish","hentry"],"_links":{"self":[{"href":"https:\/\/www.jandewaaltransport.nl\/index.php\/wp-json\/wp\/v2\/pages\/4169\/?lang=fr"}],"collection":[{"href":"https:\/\/www.jandewaaltransport.nl\/index.php\/wp-json\/wp\/v2\/pages\/?lang=fr"}],"about":[{"href":"https:\/\/www.jandewaaltransport.nl\/index.php\/wp-json\/wp\/v2\/types\/page\/?lang=fr"}],"author":[{"embeddable":true,"href":"https:\/\/www.jandewaaltransport.nl\/index.php\/wp-json\/wp\/v2\/users\/1\/?lang=fr"}],"replies":[{"embeddable":true,"href":"https:\/\/www.jandewaaltransport.nl\/index.php\/wp-json\/wp\/v2\/comments\/?lang=fr&post=4169"}],"version-history":[{"count":6,"href":"https:\/\/www.jandewaaltransport.nl\/index.php\/wp-json\/wp\/v2\/pages\/4169\/revisions\/?lang=fr"}],"predecessor-version":[{"id":6489,"href":"https:\/\/www.jandewaaltransport.nl\/index.php\/wp-json\/wp\/v2\/pages\/4169\/revisions\/6489\/?lang=fr"}],"up":[{"embeddable":true,"href":"https:\/\/www.jandewaaltransport.nl\/index.php\/wp-json\/wp\/v2\/pages\/4127\/?lang=fr"}],"wp:attachment":[{"href":"https:\/\/www.jandewaaltransport.nl\/index.php\/wp-json\/wp\/v2\/media\/?lang=fr&parent=4169"}],"curies":[{"name":"wp","href":"https:\/\/api.w.org\/{rel}","templated":true}]}}