{"id":4171,"date":"2015-06-16T08:58:43","date_gmt":"2015-06-16T08:58:43","guid":{"rendered":"http:\/\/www.jandewaaltransport.nl\/?page_id=4171"},"modified":"2021-01-25T20:10:30","modified_gmt":"2021-01-25T20:10:30","slug":"media-2","status":"publish","type":"page","link":"https:\/\/www.jandewaaltransport.nl\/index.php\/media-2\/?lang=fr","title":{"rendered":"MEDIA"},"content":{"rendered":"<div class=\"wpb-content-wrapper\"><p>[vc_row][vc_column][vc_empty_space][\/vc_column][\/vc_row][vc_row][vc_column][vc_column_text]<br \/>\nNous disposons d&rsquo;une flotte \u00e9tendue et vari\u00e9e de camions, remorques et combinaisons de volumes,<br \/>\nadapt\u00e9 au transport conditionn\u00e9. Ce sont la carte de visite de notre entreprise.<\/p>\n<p>Merci aux diff\u00e9rents photographes![\/vc_column_text][\/vc_column][\/vc_row][vc_row][vc_column][vc_separator border_width=\u00a0\u00bb3&Prime;][\/vc_column][\/vc_row][vc_column][\/vc_column]<\/p>\n<\/div>","protected":false},"excerpt":{"rendered":"<p>[vc_row][vc_column][vc_empty_space][\/vc_column][\/vc_row][vc_row][vc_column][vc_column_text] Nous disposons d&rsquo;une flotte \u00e9tendue et vari\u00e9e de camions, remorques et combinaisons de volumes, adapt\u00e9 au transport conditionn\u00e9. Ce sont la carte de visite de notre entreprise. Merci aux [&hellip;]<\/p>\n","protected":false},"author":1,"featured_media":0,"parent":0,"menu_order":0,"comment_status":"closed","ping_status":"closed","template":"","meta":{"footnotes":""},"class_list":["post-4171","page","type-page","status-publish","hentry"],"_links":{"self":[{"href":"https:\/\/www.jandewaaltransport.nl\/index.php\/wp-json\/wp\/v2\/pages\/4171\/?lang=fr"}],"collection":[{"href":"https:\/\/www.jandewaaltransport.nl\/index.php\/wp-json\/wp\/v2\/pages\/?lang=fr"}],"about":[{"href":"https:\/\/www.jandewaaltransport.nl\/index.php\/wp-json\/wp\/v2\/types\/page\/?lang=fr"}],"author":[{"embeddable":true,"href":"https:\/\/www.jandewaaltransport.nl\/index.php\/wp-json\/wp\/v2\/users\/1\/?lang=fr"}],"replies":[{"embeddable":true,"href":"https:\/\/www.jandewaaltransport.nl\/index.php\/wp-json\/wp\/v2\/comments\/?lang=fr&post=4171"}],"version-history":[{"count":2,"href":"https:\/\/www.jandewaaltransport.nl\/index.php\/wp-json\/wp\/v2\/pages\/4171\/revisions\/?lang=fr"}],"predecessor-version":[{"id":6203,"href":"https:\/\/www.jandewaaltransport.nl\/index.php\/wp-json\/wp\/v2\/pages\/4171\/revisions\/6203\/?lang=fr"}],"wp:attachment":[{"href":"https:\/\/www.jandewaaltransport.nl\/index.php\/wp-json\/wp\/v2\/media\/?lang=fr&parent=4171"}],"curies":[{"name":"wp","href":"https:\/\/api.w.org\/{rel}","templated":true}]}}