{"id":4179,"date":"2015-06-16T09:08:19","date_gmt":"2015-06-16T09:08:19","guid":{"rendered":"http:\/\/www.jandewaaltransport.nl\/?page_id=4179"},"modified":"2021-01-30T22:37:21","modified_gmt":"2021-01-30T22:37:21","slug":"on-jan-de-waal","status":"publish","type":"page","link":"https:\/\/www.jandewaaltransport.nl\/index.php\/home-jan-de-waal\/on-jan-de-waal\/?lang=fr","title":{"rendered":"ON JAN DE WAAL"},"content":{"rendered":"<div class=\"wpb-content-wrapper\"><p>[vc_row bg_scroll=\u00a0\u00bbh,-1&Prime; font_color=\u00a0\u00bb#ffffff\u00a0\u00bb css=\u00a0\u00bb.vc_custom_1414581296173{margin-top: 0px !important;margin-bottom: 0px !important;padding-top: 100px !important;padding-bottom: 100px !important;background-image: url(http:\/\/www.jandewaaltransport.nl\/wp-content\/uploads\/2014\/10\/corporat_collage.jpg?id=94) !important;}\u00a0\u00bb][vc_column][vc_column_text]<\/p>\n<h3 style=\"text-align: center;\">\u00c0 PROPOS DE NOUS<\/h3>\n<h3 style=\"text-align: center;\">Transports Jan de Waal BV est une soci\u00e9t\u00e9 ind\u00e9pendante de transport<br \/>\npour tous vos transports nationaux et internationaux.<br \/>\nNous nous sp\u00e9cialisons dans le transport (\u00e0 la fois complet et groupage) de fruits \/ l\u00e9gumes et fleurs \/ plantes.<\/h3>\n<p>[\/vc_column_text][vc_row_inner][vc_column_inner width=\u00a0\u00bb1\/3&Prime;]<span id=\"ozy_icon_8892\" class=\"ozy-icon  wpb_content_element align-center xxlarge  icon oic-flaticon4-world92 \" style=\";color:#34ccff\" ><\/span><div class=\"ozy-counter wpb_content_element \" style=\"color:#ffffff\"><div class=\"timer\" data-sign=\"\" data-signpos=\"right\" data-from=\"0\" data-to=\"1\">0<\/div><div class=\"hr\" style=\"background-color:#ffffff\"><\/div><span>POINT DE CONTACT<\/span><\/div>[\/vc_column_inner][vc_column_inner width=\u00a0\u00bb1\/3&Prime;]<span id=\"ozy_icon_1520\" class=\"ozy-icon  wpb_content_element align-center xxlarge  icon oic-users \" style=\";color:#34ccff\" ><\/span><div class=\"ozy-counter wpb_content_element \" style=\"color:#ffffff\"><div class=\"timer\" data-sign=\"\" data-signpos=\"right\" data-from=\"0\" data-to=\"40\">0<\/div><div class=\"hr\" style=\"background-color:#ffffff\"><\/div><span>EMPLOY\u00c9S<\/span><\/div>[\/vc_column_inner][vc_column_inner width=\u00a0\u00bb1\/3&Prime;]<span id=\"ozy_icon_7356\" class=\"ozy-icon  wpb_content_element align-center xxlarge  icon oic-truck \" style=\";color:#34ccff\" ><\/span><div class=\"ozy-counter wpb_content_element \" style=\"color:#ffffff\"><div class=\"timer\" data-sign=\"\" data-signpos=\"right\" data-from=\"0\" data-to=\"250000\">0<\/div><div class=\"hr\" style=\"background-color:#ffffff\"><\/div><span>TONNES DE FRET CHAQUE ANN\u00c9E<\/span><\/div>[\/vc_column_inner][\/vc_row_inner][\/vc_column][\/vc_row][vc_row css=\u00a0\u00bb.vc_custom_1414616349744{margin-top: 0px !important;margin-bottom: 0px !important;padding-top: 60px !important;padding-bottom: 0px !important;}\u00a0\u00bb][vc_column width=\u00a0\u00bb1\/2&Prime;][vc_single_image image=\u00a0\u00bb107&Prime; img_size=\u00a0\u00bbfull\u00a0\u00bb alignment=\u00a0\u00bbcenter\u00a0\u00bb style=\u00a0\u00bbvc_box_shadow_border\u00a0\u00bb][\/vc_column][vc_column width=\u00a0\u00bb1\/2&Prime;][vc_column_text css=\u00a0\u00bb.vc_custom_1612038771064{margin-bottom: 0px !important;padding-bottom: 0px !important;}\u00a0\u00bb]<\/p>\n<h6>En 1989, a commenc\u00e9 comme un chauffeur priv\u00e9 avec une voiture et maintenant d\u00e9velopp\u00e9 dans une soci\u00e9t\u00e9 de transport polyvalent avec 30 voitures propres.<br \/>\nPour \u00eatre nos clients que nous faisons, en plus de nos propres voitures, l\u2019utilisation de +\/- 40 pilotes de propri\u00e9taire permanents.<\/h6>\n<h6>De notre bureau \u00e0 Bleiswijk nous fournissons le transport de fleurs par jour de et vers diff\u00e9rentes ventes aux ench\u00e8res et les producteurs aux Pays-Bas et en Belgique.h6&gt;<\/h6>\n<h6>Chaque jour, nous fournir de multiples exp\u00e9ditions de Westland \u00e0 Grubbenvorst et vice versa. Nous fournissons \u00e9galement pour divers clients par exemple \u00e0 l\u2019Allemagne, la France et l\u2019Angleterre.<\/h6>\n<p>[\/vc_column_text][\/vc_column][\/vc_row][vc_row][vc_column][vc_separator][\/vc_column][\/vc_row][vc_row][vc_column width=\u00a0\u00bb1\/2&Prime;]<h3 class=\"ozy-divider-cap-left wpb_content_element\">SCANDINAVIE TRANSPORT DE WAAL<\/h3><div class=\"ozy-content-divider \" style=\"border-top-style:solid;border-top-width:1px\"><\/div>[vc_column_text]<\/p>\n<h5>Scandinavi\u00eb Transport De Waal BV prend soin de tous vos envois \u00e0 la Finlande. Chaque jour, il ya au moins cinq voitures r\u00e9frig\u00e9r\u00e9s vers la Scandinavie; parce que nous en voiture \u00abdouble \u00e9vaporateurs de nous pouvons mener des temp\u00e9ratures diff\u00e9rentes.<\/h5>\n<p>[\/vc_column_text][\/vc_column][vc_column width=\u00a0\u00bb1\/2&Prime;]<h3 class=\"ozy-divider-cap-left wpb_content_element\">ST FINLAND OY<\/h3><div class=\"ozy-content-divider \" style=\"border-top-style:solid;border-top-width:1px\"><\/div>[vc_column_text]<\/p>\n<h5>Filiale de la Scandinavi\u00eb Transport de Waal BV. Il conduite 3 voitures (ex de transport Jan de Waal) avec badge finlandais d\u2019\u00eatre \u00e9galement en mesure d\u2019approvisionner le march\u00e9 finlandais. Ces voitures r\u00e9soudre nos propres remorques, qui vont par ferry pour Helsinki avec nos clients. Bien s\u00fbr, nous offrons aussi la possibilit\u00e9 de transporter des marchandises au sein de la Finlande.<\/h5>\n<p>[\/vc_column_text][\/vc_column][\/vc_row][vc_row][vc_column][vc_separator][\/vc_column][\/vc_row]<\/p>\n<\/div>","protected":false},"excerpt":{"rendered":"<p>[vc_row bg_scroll=\u00a0\u00bbh,-1&Prime; font_color=\u00a0\u00bb#ffffff\u00a0\u00bb css=\u00a0\u00bb.vc_custom_1414581296173{margin-top: 0px !important;margin-bottom: 0px !important;padding-top: 100px !important;padding-bottom: 100px !important;background-image: url(http:\/\/www.jandewaaltransport.nl\/wp-content\/uploads\/2014\/10\/corporat_collage.jpg?id=94) !important;}\u00a0\u00bb][vc_column][vc_column_text] \u00c0 PROPOS DE NOUS Transports Jan de Waal BV est une soci\u00e9t\u00e9 ind\u00e9pendante de transport pour [&hellip;]<\/p>\n","protected":false},"author":1,"featured_media":0,"parent":4127,"menu_order":1,"comment_status":"closed","ping_status":"closed","template":"","meta":{"footnotes":""},"class_list":["post-4179","page","type-page","status-publish","hentry"],"_links":{"self":[{"href":"https:\/\/www.jandewaaltransport.nl\/index.php\/wp-json\/wp\/v2\/pages\/4179\/?lang=fr"}],"collection":[{"href":"https:\/\/www.jandewaaltransport.nl\/index.php\/wp-json\/wp\/v2\/pages\/?lang=fr"}],"about":[{"href":"https:\/\/www.jandewaaltransport.nl\/index.php\/wp-json\/wp\/v2\/types\/page\/?lang=fr"}],"author":[{"embeddable":true,"href":"https:\/\/www.jandewaaltransport.nl\/index.php\/wp-json\/wp\/v2\/users\/1\/?lang=fr"}],"replies":[{"embeddable":true,"href":"https:\/\/www.jandewaaltransport.nl\/index.php\/wp-json\/wp\/v2\/comments\/?lang=fr&post=4179"}],"version-history":[{"count":3,"href":"https:\/\/www.jandewaaltransport.nl\/index.php\/wp-json\/wp\/v2\/pages\/4179\/revisions\/?lang=fr"}],"predecessor-version":[{"id":6287,"href":"https:\/\/www.jandewaaltransport.nl\/index.php\/wp-json\/wp\/v2\/pages\/4179\/revisions\/6287\/?lang=fr"}],"up":[{"embeddable":true,"href":"https:\/\/www.jandewaaltransport.nl\/index.php\/wp-json\/wp\/v2\/pages\/4127\/?lang=fr"}],"wp:attachment":[{"href":"https:\/\/www.jandewaaltransport.nl\/index.php\/wp-json\/wp\/v2\/media\/?lang=fr&parent=4179"}],"curies":[{"name":"wp","href":"https:\/\/api.w.org\/{rel}","templated":true}]}}