{"id":4182,"date":"2015-06-16T09:21:19","date_gmt":"2015-06-16T09:21:19","guid":{"rendered":"http:\/\/www.jandewaaltransport.nl\/?page_id=4182"},"modified":"2024-10-27T20:23:35","modified_gmt":"2024-10-27T20:23:35","slug":"a-propos-de-nous-jan-de-waal","status":"publish","type":"page","link":"https:\/\/www.jandewaaltransport.nl\/index.php\/home-jan-de-waal\/on-jan-de-waal\/a-propos-de-nous-jan-de-waal\/?lang=fr","title":{"rendered":"\u00c0 propos de nous&#8230;"},"content":{"rendered":"<div class=\"wpb-content-wrapper\"><p>[vc_row css=\u00a0\u00bb.vc_custom_1414616349744{margin-top: 0px !important;margin-bottom: 0px !important;padding-top: 60px !important;padding-bottom: 0px !important;}\u00a0\u00bb][vc_column width=\u00a0\u00bb1\/2&Prime;][vc_single_image image=\u00a0\u00bb6460&Prime; img_size=\u00a0\u00bbfull\u00a0\u00bb alignment=\u00a0\u00bbcenter\u00a0\u00bb css=\u00a0\u00bb\u00a0\u00bb][\/vc_column][vc_column width=\u00a0\u00bb1\/2&Prime;][vc_column_text css=\u00a0\u00bb.vc_custom_1730060560001{margin-bottom: 0px !important;padding-bottom: 0px !important;}\u00a0\u00bb]<\/p>\n<h6><span class=\"jCAhz ChMk0b\"><span class=\"ryNqvb\"><strong>Van Ooijen Transport et Freshgard Warehousing rejoignent le partenariat de Jan Deckers Jan de Waal et Deij Transport.<\/strong><br \/>\n<\/span><\/span><span class=\"jCAhz ChMk0b\"><span class=\"ryNqvb\">Van Ooijen Transport et Freshgard Warehousing \u00e0 Barendrecht ont rejoint la semaine derni\u00e8re le partenariat strat\u00e9gique de Jan de Waal (bas\u00e9 \u00e0 Bleiswijk), Jan Deckers (bas\u00e9 \u00e0 Ammerzoden) et Deij Transport (bas\u00e9 \u00e0 Geldermalsen).<\/span><\/span> <span class=\"jCAhz ChMk0b\"><span class=\"ryNqvb\">Cette collaboration vise \u00e0 renforcer davantage leurs positions dans le secteur des fleurs, des plantes, des fruits et des l\u00e9gumes, les entreprises impliqu\u00e9es tirant parti de l&rsquo;expertise et des \u00e9conomies d&rsquo;\u00e9chelle de chacune.<\/span><\/span> <span class=\"jCAhz ChMk0b\"><span class=\"ryNqvb\">Cette union de forces permet aux parties de r\u00e9pondre encore mieux aux besoins du march\u00e9 et de servir leurs clients encore plus efficacement.<\/span><\/span><\/h6>\n<p>[\/vc_column_text][vc_separator][vc_column_text css=\u00a0\u00bb\u00a0\u00bb]<\/p>\n<h6><span class=\"jCAhz ChMk0b\"><span class=\"ryNqvb\">Toutes les parties collaboratrices ont individuellement leur propre sp\u00e9cialisation et continuent \u00e0 fonctionner ind\u00e9pendamment les unes des autres.<\/span><\/span> <span class=\"jCAhz ChMk0b\"><span class=\"ryNqvb\">Le partenariat assure une plus grande port\u00e9e du r\u00e9seau, tant au niveau national qu&rsquo;international, et contribue \u00e0 une professionnalisation accrue des services.<\/span><\/span> <span class=\"jCAhz ChMk0b\"><span class=\"ryNqvb\">Cette collaboration signifie que plus de 175 camions conditionn\u00e9s sont disponibles chaque jour pour servir les clients de mani\u00e8re rapide et fiable. <\/span><\/span><span class=\"jCAhz ChMk0b\"><span class=\"ryNqvb\">Van Ooijen Transport et sa soci\u00e9t\u00e9 s\u0153ur Freshgard s&rsquo;occupent conjointement de l&rsquo;ensemble du processus logistique de la cha\u00eene des fruits et l\u00e9gumes.<\/span><\/span> <span class=\"jCAhz ChMk0b\"><span class=\"ryNqvb\">Van Ooijen Transport est responsable du transport quotidien d&rsquo;environ 25 ensembles de camions entre les cri\u00e9es de fruits et l\u00e9gumes du Westland et diverses destinations en Belgique.<\/span><\/span> <span class=\"jCAhz ChMk0b\"><span class=\"ryNqvb\">Le si\u00e8ge social est situ\u00e9 \u00e0 Barendrecht, o\u00f9 se trouve \u00e9galement l&rsquo;entrep\u00f4t climatis\u00e9 de Freshgard de 6 000 m\u00b2.<\/span><\/span> <span class=\"jCAhz ChMk0b\"><span class=\"ryNqvb\">Cet entrep\u00f4t est \u00e9quip\u00e9 de douze quais de chargement et de d\u00e9chargement, d&rsquo;un plancher de cross-dock spacieux et d&rsquo;installations d&rsquo;entrep\u00f4t modernes avec huit zones de temp\u00e9rature pour un stockage conditionn\u00e9.<\/span><\/span> <span class=\"jCAhz\"><span class=\"ryNqvb\">Freshgard est sp\u00e9cialis\u00e9 dans l&rsquo;entreposage et le co-packing, incluant le stockage, la gestion et la distribution de produits frais.<\/span><\/span> <span class=\"jCAhz ChMk0b\"><span class=\"ryNqvb\">L&rsquo;entreprise dispose \u00e9galement d&rsquo;un permis d&rsquo;entrep\u00f4t douanier de type C et est un lieu d&rsquo;inspection reconnu par le KCB. <\/span><\/span><span class=\"jCAhz ChMk0b\"><span class=\"ryNqvb\">La collaboration strat\u00e9gique renforcera encore le r\u00e9seau entre le Westland et la Belgique et Van Ooijen Transport peut d\u00e9sormais proposer des trajets vers des destinations desservies par les autres soci\u00e9t\u00e9s collaboratrices.<\/span><\/span> <span class=\"jCAhz ChMk0b\"><span class=\"ryNqvb\">Van Ooijen Transport et Freshgard franchissent ainsi une \u00e9tape importante dans la p\u00e9rennit\u00e9 de leurs services logistiques. <\/span><\/span><span class=\"jCAhz ChMk0b\"><span class=\"ryNqvb\">Van Ooijen Transport et Freshgard, comme les autres entreprises familiales impliqu\u00e9es, continuent d&rsquo;op\u00e9rer de mani\u00e8re ind\u00e9pendante sous leur propre nom, identit\u00e9 d&rsquo;entreprise et identit\u00e9.<\/span><\/span> <span class=\"jCAhz ChMk0b\"><span class=\"ryNqvb\">La collaboration n&rsquo;a aucune cons\u00e9quence pour le personnel ou la direction des entreprises.<\/span><\/span> <span class=\"jCAhz\"><span class=\"ryNqvb\">Rien ne change non plus pour les clients ;<\/span><\/span> <span class=\"jCAhz ChMk0b\"><span class=\"ryNqvb\">ils restent clients de l&rsquo;organisation o\u00f9 ils re\u00e7oivent actuellement leurs services.<\/span><\/span><\/h6>\n<p>[\/vc_column_text][\/vc_column][\/vc_row][vc_row css=\u00a0\u00bb.vc_custom_1414616438782{margin-top: 0px !important;margin-bottom: 0px !important;padding-top: 60px !important;padding-bottom: 60px !important;background-color: #edf4f6 !important;}\u00a0\u00bb][vc_column]<div class=\"ozy-content-divider \" style=\"border-top-style:solid;border-top-width:2px;border-top-color:#34ccff;width:40px;max-width:40px;float:left;\"><\/div>[vc_column_text css=\u00a0\u00bb.vc_custom_1432034396017{padding-top: 20px !important;}\u00a0\u00bb]<\/p>\n<div>\n<div><span class=\"ws8\" style=\"color: #800000; font-family: Tahoma;\">\u00a0<\/span><\/div>\n<\/div>\n<p>[\/vc_column_text][\/vc_column][\/vc_row]<\/p>\n<\/div>","protected":false},"excerpt":{"rendered":"<p>[vc_row css=\u00a0\u00bb.vc_custom_1414616349744{margin-top: 0px !important;margin-bottom: 0px !important;padding-top: 60px !important;padding-bottom: 0px !important;}\u00a0\u00bb][vc_column width=\u00a0\u00bb1\/2&Prime;][vc_single_image image=\u00a0\u00bb6460&Prime; img_size=\u00a0\u00bbfull\u00a0\u00bb alignment=\u00a0\u00bbcenter\u00a0\u00bb css=\u00a0\u00bb\u00a0\u00bb][\/vc_column][vc_column width=\u00a0\u00bb1\/2&Prime;][vc_column_text css=\u00a0\u00bb.vc_custom_1730060560001{margin-bottom: 0px !important;padding-bottom: 0px !important;}\u00a0\u00bb] Van Ooijen Transport et Freshgard Warehousing rejoignent le partenariat [&hellip;]<\/p>\n","protected":false},"author":1,"featured_media":0,"parent":4179,"menu_order":1,"comment_status":"closed","ping_status":"closed","template":"","meta":{"footnotes":""},"class_list":["post-4182","page","type-page","status-publish","hentry"],"_links":{"self":[{"href":"https:\/\/www.jandewaaltransport.nl\/index.php\/wp-json\/wp\/v2\/pages\/4182\/?lang=fr"}],"collection":[{"href":"https:\/\/www.jandewaaltransport.nl\/index.php\/wp-json\/wp\/v2\/pages\/?lang=fr"}],"about":[{"href":"https:\/\/www.jandewaaltransport.nl\/index.php\/wp-json\/wp\/v2\/types\/page\/?lang=fr"}],"author":[{"embeddable":true,"href":"https:\/\/www.jandewaaltransport.nl\/index.php\/wp-json\/wp\/v2\/users\/1\/?lang=fr"}],"replies":[{"embeddable":true,"href":"https:\/\/www.jandewaaltransport.nl\/index.php\/wp-json\/wp\/v2\/comments\/?lang=fr&post=4182"}],"version-history":[{"count":8,"href":"https:\/\/www.jandewaaltransport.nl\/index.php\/wp-json\/wp\/v2\/pages\/4182\/revisions\/?lang=fr"}],"predecessor-version":[{"id":6481,"href":"https:\/\/www.jandewaaltransport.nl\/index.php\/wp-json\/wp\/v2\/pages\/4182\/revisions\/6481\/?lang=fr"}],"up":[{"embeddable":true,"href":"https:\/\/www.jandewaaltransport.nl\/index.php\/wp-json\/wp\/v2\/pages\/4179\/?lang=fr"}],"wp:attachment":[{"href":"https:\/\/www.jandewaaltransport.nl\/index.php\/wp-json\/wp\/v2\/media\/?lang=fr&parent=4182"}],"curies":[{"name":"wp","href":"https:\/\/api.w.org\/{rel}","templated":true}]}}