{"id":4191,"date":"2015-06-16T09:36:24","date_gmt":"2015-06-16T09:36:24","guid":{"rendered":"http:\/\/www.jandewaaltransport.nl\/?page_id=4191"},"modified":"2021-01-30T23:33:47","modified_gmt":"2021-01-30T23:33:47","slug":"destinations","status":"publish","type":"page","link":"https:\/\/www.jandewaaltransport.nl\/index.php\/home-jan-de-waal\/on-jan-de-waal\/destinations\/?lang=fr","title":{"rendered":"Destinations"},"content":{"rendered":"<div class=\"wpb-content-wrapper\"><p>[vc_row][vc_column][vc_empty_space][\/vc_column][\/vc_row][vc_row][vc_column][vc_single_image image=\u00a0\u00bb6017&Prime; img_size=\u00a0\u00bb800&#215;533&Prime; alignment=\u00a0\u00bbcenter\u00a0\u00bb style=\u00a0\u00bbvc_box_shadow_border\u00a0\u00bb][\/vc_column][\/vc_row][vc_row][vc_column][vc_column_text]<\/p>\n<h3>Destinations&#8230;<\/h3>\n<h6>Jan de Waal Transport bv sp\u00e9cialis\u00e9e dans le transport des fruits, l\u00e9gumes, fleurs et plantes. Vous pouvez venir \u00e0 nous dans toute l&rsquo;Europe.<br \/>\nPour cela, nous disposons d&rsquo;une flotte tr\u00e8s moderne de pilotes hautement qualifi\u00e9s. Nos camions multi-fonctionnels sont sur la route quotidienne vers et depuis les destinations dans les Pays-Bas, l&rsquo;Allemagne, la Belgique, la France et l&rsquo;Angleterre.<\/h6>\n<h6>Scandinavi\u00eb Transport De Waal BV s\u2019occupe de toutes vos marchandises en Finlande.<\/h6>\n<p>[\/vc_column_text][\/vc_column][\/vc_row][vc_row][vc_column][vc_separator][\/vc_column][\/vc_row]<\/p>\n<\/div>","protected":false},"excerpt":{"rendered":"<p>[vc_row][vc_column][vc_empty_space][\/vc_column][\/vc_row][vc_row][vc_column][vc_single_image image=\u00a0\u00bb6017&Prime; img_size=\u00a0\u00bb800&#215;533&Prime; alignment=\u00a0\u00bbcenter\u00a0\u00bb style=\u00a0\u00bbvc_box_shadow_border\u00a0\u00bb][\/vc_column][\/vc_row][vc_row][vc_column][vc_column_text] Destinations&#8230; Jan de Waal Transport bv sp\u00e9cialis\u00e9e dans le transport des fruits, l\u00e9gumes, fleurs et plantes. Vous pouvez venir \u00e0 nous dans toute l&rsquo;Europe. Pour [&hellip;]<\/p>\n","protected":false},"author":1,"featured_media":0,"parent":4179,"menu_order":3,"comment_status":"closed","ping_status":"closed","template":"","meta":{"footnotes":""},"class_list":["post-4191","page","type-page","status-publish","hentry"],"_links":{"self":[{"href":"https:\/\/www.jandewaaltransport.nl\/index.php\/wp-json\/wp\/v2\/pages\/4191\/?lang=fr"}],"collection":[{"href":"https:\/\/www.jandewaaltransport.nl\/index.php\/wp-json\/wp\/v2\/pages\/?lang=fr"}],"about":[{"href":"https:\/\/www.jandewaaltransport.nl\/index.php\/wp-json\/wp\/v2\/types\/page\/?lang=fr"}],"author":[{"embeddable":true,"href":"https:\/\/www.jandewaaltransport.nl\/index.php\/wp-json\/wp\/v2\/users\/1\/?lang=fr"}],"replies":[{"embeddable":true,"href":"https:\/\/www.jandewaaltransport.nl\/index.php\/wp-json\/wp\/v2\/comments\/?lang=fr&post=4191"}],"version-history":[{"count":9,"href":"https:\/\/www.jandewaaltransport.nl\/index.php\/wp-json\/wp\/v2\/pages\/4191\/revisions\/?lang=fr"}],"predecessor-version":[{"id":6321,"href":"https:\/\/www.jandewaaltransport.nl\/index.php\/wp-json\/wp\/v2\/pages\/4191\/revisions\/6321\/?lang=fr"}],"up":[{"embeddable":true,"href":"https:\/\/www.jandewaaltransport.nl\/index.php\/wp-json\/wp\/v2\/pages\/4179\/?lang=fr"}],"wp:attachment":[{"href":"https:\/\/www.jandewaaltransport.nl\/index.php\/wp-json\/wp\/v2\/media\/?lang=fr&parent=4191"}],"curies":[{"name":"wp","href":"https:\/\/api.w.org\/{rel}","templated":true}]}}