{"id":4199,"date":"2015-06-16T10:34:31","date_gmt":"2015-06-16T10:34:31","guid":{"rendered":"http:\/\/www.jandewaaltransport.nl\/?page_id=4199"},"modified":"2024-08-21T12:33:39","modified_gmt":"2024-08-21T12:33:39","slug":"stockage-et-le-transfert","status":"publish","type":"page","link":"https:\/\/www.jandewaaltransport.nl\/index.php\/services-4\/stockage-et-le-transfert\/?lang=fr","title":{"rendered":"Stockage et le transfert"},"content":{"rendered":"<div class=\"wpb-content-wrapper\"><p>[vc_row][vc_column][vc_empty_space][\/vc_column][\/vc_row][vc_row][vc_column][vc_single_image image=\u00a0\u00bb5890&Prime; img_size=\u00a0\u00bbfull\u00a0\u00bb alignment=\u00a0\u00bbcenter\u00a0\u00bb style=\u00a0\u00bbvc_box_shadow_border\u00a0\u00bb][\/vc_column][\/vc_row][vc_row][vc_column][vc_column_text]<\/p>\n<h3>Stockage et le transfert&#8230;<\/h3>\n<h5>Nous avons environ 450 m2 Bleiswijk espace de transbordement et de stockage \u00e0 froid. Nous avons acc\u00e8s \u00e0 quatre quais de chargement \/ d\u00e9chargement.<br \/>\nNotre \u00ab\u00a0business\u00a0\u00bb quotidienne continue le pilote et fournir \u00e0 nos clients leurs marchandises \u00e0 partir par exemple en Espagne avec nous et nous r\u00e9alisons ces charges retour en Finlande, entre autres. Nos clients utilisent notre espace comme purement \u00ab\u00a0point de transbordement\u00a0\u00bb.<\/h5>\n<h6>Vous cherchez une solution temporaire \u00e0 votre espace ou une station de transfert; ne pas h\u00e9siter \u00e0 nous contacter pour plus d&rsquo;informations. Toutes les installations sont disponibles en combinaison avec du personnel qualifi\u00e9 et hautement exp\u00e9riment\u00e9s hangar.<\/h6>\n<h5>Nous sommes en possession d&rsquo;un certificat IFS afin que vos biens sont entre de bonnes mains.<\/h5>\n<p>[\/vc_column_text][\/vc_column][\/vc_row][vc_row][vc_column width=\u00a0\u00bb1\/6&Prime;][vc_single_image image=\u00a0\u00bb5460&Prime; img_size=\u00a0\u00bb138&#215;167&Prime; style=\u00a0\u00bbvc_box_shadow_border\u00a0\u00bb][\/vc_column][vc_column width=\u00a0\u00bb2\/3&Prime;][vc_column_text css=\u00a0\u00bb\u00a0\u00bb]<\/p>\n<p id=\"tw-target-text\" class=\"tw-data-text tw-text-large XcVN5d tw-ta\" dir=\"ltr\" data-placeholder=\"Vertaling\"><strong><span class=\"Y2IQFc\" lang=\"fr\">T\u00e9l\u00e9chargez le certificat ici.<\/span><\/strong><\/p>\n<p><strong>\u2022 <a href=\"https:\/\/www.jandewaaltransport.nl\/wp-content\/uploads\/2024\/08\/IFS-Certificaat-2024-1.jpg\">IFS Certificaat<\/a><\/strong>[\/vc_column_text][\/vc_column][vc_column width=\u00a0\u00bb1\/6&Prime;][\/vc_column][\/vc_row][vc_row css=\u00a0\u00bb.vc_custom_1414841734642{margin-top: 0px !important;padding-top: 40px !important;}\u00a0\u00bb][vc_column][vc_row_inner][vc_column_inner width=\u00a0\u00bb1\/4&Prime;]<a href=\"\" target=\"_self\" class=\"ozy-colored-content-box\" id=\"fancybox-8490\">\n<img decoding=\"async\" src=\"https:\/\/www.jandewaaltransport.nl\/wp-content\/uploads\/2014\/11\/loods1.png\" alt=\"MANIPULATION\"\/><section class=\"overlay\"><span class=\"caption heading-font\">MANIPULATION<\/span><\/section><section class=\"overlay-two\"><h3 class=\"ozy-vertical-centered-element\">MANIPULATION<\/h3><\/section>\n<\/a>[\/vc_column_inner][vc_column_inner width=\u00a0\u00bb1\/4&Prime;]<a href=\"\" target=\"_self\" class=\"ozy-colored-content-box\" id=\"fancybox-8847\">\n<img decoding=\"async\" src=\"https:\/\/www.jandewaaltransport.nl\/wp-content\/uploads\/2014\/11\/loods2.png\" alt=\"CROSS-DOCKING\"\/><section class=\"overlay\"><span class=\"caption heading-font\">CROSS-DOCKING<\/span><\/section><section class=\"overlay-two\"><h3 class=\"ozy-vertical-centered-element\">CROSS-DOCKING<\/h3><\/section>\n<\/a>[\/vc_column_inner][vc_column_inner width=\u00a0\u00bb1\/4&Prime;]<a href=\"\" target=\"_self\" class=\"ozy-colored-content-box\" id=\"fancybox-4866\">\n<img decoding=\"async\" src=\"https:\/\/www.jandewaaltransport.nl\/wp-content\/uploads\/2014\/11\/loods3.png\" alt=\"VALEUR AJOUT\u00c9E DE TRANSPORT\"\/><section class=\"overlay\"><span class=\"caption heading-font\">VALEUR AJOUT\u00c9E DE TRANSPORT<\/span><\/section><section class=\"overlay-two\"><h3 class=\"ozy-vertical-centered-element\">VALEUR AJOUT\u00c9E DE TRANSPORT<\/h3><\/section>\n<\/a>[\/vc_column_inner][vc_column_inner width=\u00a0\u00bb1\/4&Prime;]<a href=\"\" target=\"_self\" class=\"ozy-colored-content-box\" id=\"fancybox-5817\">\n<img decoding=\"async\" src=\"https:\/\/www.jandewaaltransport.nl\/wp-content\/uploads\/2024\/08\/IFS-Certificaat-2024-1.jpg\" alt=\"IFS CERTIFICATION\"\/><section class=\"overlay\"><span class=\"caption heading-font\">IFS CERTIFICATION<\/span><\/section><section class=\"overlay-two\"><h3 class=\"ozy-vertical-centered-element\">IFS CERTIFICATION<\/h3><\/section>\n<\/a>[\/vc_column_inner][\/vc_row_inner][\/vc_column][\/vc_row][vc_row][vc_column][vc_separator][\/vc_column][\/vc_row]<\/p>\n<\/div>","protected":false},"excerpt":{"rendered":"<p>[vc_row][vc_column][vc_empty_space][\/vc_column][\/vc_row][vc_row][vc_column][vc_single_image image=\u00a0\u00bb5890&Prime; img_size=\u00a0\u00bbfull\u00a0\u00bb alignment=\u00a0\u00bbcenter\u00a0\u00bb style=\u00a0\u00bbvc_box_shadow_border\u00a0\u00bb][\/vc_column][\/vc_row][vc_row][vc_column][vc_column_text] Stockage et le transfert&#8230; Nous avons environ 450 m2 Bleiswijk espace de transbordement et de stockage \u00e0 froid. Nous avons acc\u00e8s \u00e0 quatre quais de [&hellip;]<\/p>\n","protected":false},"author":1,"featured_media":0,"parent":4197,"menu_order":0,"comment_status":"closed","ping_status":"closed","template":"","meta":{"footnotes":""},"class_list":["post-4199","page","type-page","status-publish","hentry"],"_links":{"self":[{"href":"https:\/\/www.jandewaaltransport.nl\/index.php\/wp-json\/wp\/v2\/pages\/4199\/?lang=fr"}],"collection":[{"href":"https:\/\/www.jandewaaltransport.nl\/index.php\/wp-json\/wp\/v2\/pages\/?lang=fr"}],"about":[{"href":"https:\/\/www.jandewaaltransport.nl\/index.php\/wp-json\/wp\/v2\/types\/page\/?lang=fr"}],"author":[{"embeddable":true,"href":"https:\/\/www.jandewaaltransport.nl\/index.php\/wp-json\/wp\/v2\/users\/1\/?lang=fr"}],"replies":[{"embeddable":true,"href":"https:\/\/www.jandewaaltransport.nl\/index.php\/wp-json\/wp\/v2\/comments\/?lang=fr&post=4199"}],"version-history":[{"count":15,"href":"https:\/\/www.jandewaaltransport.nl\/index.php\/wp-json\/wp\/v2\/pages\/4199\/revisions\/?lang=fr"}],"predecessor-version":[{"id":6440,"href":"https:\/\/www.jandewaaltransport.nl\/index.php\/wp-json\/wp\/v2\/pages\/4199\/revisions\/6440\/?lang=fr"}],"up":[{"embeddable":true,"href":"https:\/\/www.jandewaaltransport.nl\/index.php\/wp-json\/wp\/v2\/pages\/4197\/?lang=fr"}],"wp:attachment":[{"href":"https:\/\/www.jandewaaltransport.nl\/index.php\/wp-json\/wp\/v2\/media\/?lang=fr&parent=4199"}],"curies":[{"name":"wp","href":"https:\/\/api.w.org\/{rel}","templated":true}]}}