{"id":4201,"date":"2015-06-16T10:40:25","date_gmt":"2015-06-16T10:40:25","guid":{"rendered":"http:\/\/www.jandewaaltransport.nl\/?page_id=4201"},"modified":"2021-01-26T23:43:50","modified_gmt":"2021-01-26T23:43:50","slug":"transports-fleurs","status":"publish","type":"page","link":"https:\/\/www.jandewaaltransport.nl\/index.php\/services-4\/transports-fleurs\/?lang=fr","title":{"rendered":"Transports Fleurs"},"content":{"rendered":"<div class=\"wpb-content-wrapper\"><p>[vc_row][vc_column][vc_empty_space][\/vc_column][\/vc_row][vc_row css=\u00a0\u00bb.vc_custom_1414841734642{margin-top: 0px !important;padding-top: 40px !important;}\u00a0\u00bb][vc_column][vc_single_image image=\u00a0\u00bb5752&Prime; img_size=\u00a0\u00bbfull\u00a0\u00bb alignment=\u00a0\u00bbcenter\u00a0\u00bb style=\u00a0\u00bbvc_box_shadow_border\u00a0\u00bb][\/vc_column][\/vc_row][vc_row][vc_column width=\u00a0\u00bb2\/3&Prime;][vc_column_text]<\/p>\n<h3>Transports Fleurs<\/h3>\n<h5>Les Pays-Bas est le pays des fleurs dans le monde. Par an \u00e9chang\u00e9 milliards fleurs. Lorsque les fleurs transportant vont chercher une certaine expertise.<\/h5>\n<h6>Transports Jan de Waal BV est une soci\u00e9t\u00e9 ind\u00e9pendante de transport pour tous vos transports nationaux et internationaux. Nous nous sp\u00e9cialisons dans le transport de fleurs \u00e0 la fois compl\u00e8tes et groupage. De notre bureau \u00e0 Bleiswijk nous fournissons le transport de fleurs par jour de et vers diff\u00e9rentes ventes aux ench\u00e8res et les producteurs aux Pays-Bas et en Belgique. Chaque jour, nous fournir encore plus de rapports de Westland \u00e0 Grubbenvorst et vice versa. Nous fournissons \u00e9galement pour divers clients par exemple \u00e0 l&rsquo;Allemagne, la France et l&rsquo;Angleterre.<\/h6>\n<p>[\/vc_column_text][\/vc_column][vc_column width=\u00a0\u00bb1\/3&Prime;][vc_single_image image=\u00a0\u00bb5748&Prime; img_size=\u00a0\u00bbfull\u00a0\u00bb style=\u00a0\u00bbvc_box_shadow_border\u00a0\u00bb][\/vc_column][\/vc_row][vc_row][vc_column][vc_separator border_width=\u00a0\u00bb3&Prime;][\/vc_column][\/vc_row]<\/p>\n<\/div>","protected":false},"excerpt":{"rendered":"<p>[vc_row][vc_column][vc_empty_space][\/vc_column][\/vc_row][vc_row css=\u00a0\u00bb.vc_custom_1414841734642{margin-top: 0px !important;padding-top: 40px !important;}\u00a0\u00bb][vc_column][vc_single_image image=\u00a0\u00bb5752&Prime; img_size=\u00a0\u00bbfull\u00a0\u00bb alignment=\u00a0\u00bbcenter\u00a0\u00bb style=\u00a0\u00bbvc_box_shadow_border\u00a0\u00bb][\/vc_column][\/vc_row][vc_row][vc_column width=\u00a0\u00bb2\/3&Prime;][vc_column_text] Transports Fleurs Les Pays-Bas est le pays des fleurs dans le monde. Par an \u00e9chang\u00e9 milliards fleurs. Lorsque les [&hellip;]<\/p>\n","protected":false},"author":1,"featured_media":0,"parent":4197,"menu_order":1,"comment_status":"closed","ping_status":"closed","template":"","meta":{"footnotes":""},"class_list":["post-4201","page","type-page","status-publish","hentry"],"_links":{"self":[{"href":"https:\/\/www.jandewaaltransport.nl\/index.php\/wp-json\/wp\/v2\/pages\/4201\/?lang=fr"}],"collection":[{"href":"https:\/\/www.jandewaaltransport.nl\/index.php\/wp-json\/wp\/v2\/pages\/?lang=fr"}],"about":[{"href":"https:\/\/www.jandewaaltransport.nl\/index.php\/wp-json\/wp\/v2\/types\/page\/?lang=fr"}],"author":[{"embeddable":true,"href":"https:\/\/www.jandewaaltransport.nl\/index.php\/wp-json\/wp\/v2\/users\/1\/?lang=fr"}],"replies":[{"embeddable":true,"href":"https:\/\/www.jandewaaltransport.nl\/index.php\/wp-json\/wp\/v2\/comments\/?lang=fr&post=4201"}],"version-history":[{"count":8,"href":"https:\/\/www.jandewaaltransport.nl\/index.php\/wp-json\/wp\/v2\/pages\/4201\/revisions\/?lang=fr"}],"predecessor-version":[{"id":6246,"href":"https:\/\/www.jandewaaltransport.nl\/index.php\/wp-json\/wp\/v2\/pages\/4201\/revisions\/6246\/?lang=fr"}],"up":[{"embeddable":true,"href":"https:\/\/www.jandewaaltransport.nl\/index.php\/wp-json\/wp\/v2\/pages\/4197\/?lang=fr"}],"wp:attachment":[{"href":"https:\/\/www.jandewaaltransport.nl\/index.php\/wp-json\/wp\/v2\/media\/?lang=fr&parent=4201"}],"curies":[{"name":"wp","href":"https:\/\/api.w.org\/{rel}","templated":true}]}}