{"id":4204,"date":"2015-06-16T10:45:48","date_gmt":"2015-06-16T10:45:48","guid":{"rendered":"http:\/\/www.jandewaaltransport.nl\/?page_id=4204"},"modified":"2021-01-26T23:43:18","modified_gmt":"2021-01-26T23:43:18","slug":"transports-plantes","status":"publish","type":"page","link":"https:\/\/www.jandewaaltransport.nl\/index.php\/services-4\/transports-plantes\/?lang=fr","title":{"rendered":"Transports Plantes"},"content":{"rendered":"<div class=\"wpb-content-wrapper\"><p>[vc_row][vc_column][vc_empty_space][\/vc_column][\/vc_row][vc_row css=\u00a0\u00bb.vc_custom_1414841734642{margin-top: 0px !important;padding-top: 40px !important;}\u00a0\u00bb][vc_column][vc_single_image image=\u00a0\u00bb5779&Prime; img_size=\u00a0\u00bbfull\u00a0\u00bb alignment=\u00a0\u00bbcenter\u00a0\u00bb style=\u00a0\u00bbvc_box_shadow_border\u00a0\u00bb][\/vc_column][\/vc_row][vc_row][vc_column width=\u00a0\u00bb2\/3&Prime;][vc_column_text]<\/p>\n<h3>Transports Plantes<\/h3>\n<h5>Plantes transport est un service que nous offrons depuis un certain temps. Nous avons les comp\u00e9tences, l&rsquo;expertise et le r\u00e9seau pour \u00eatre plus rapide que quiconque.<\/h5>\n<h6>Pour nous, les plantes de transport ne portent pas toujours avec une temp\u00e9rature. Parce que nous le lecteur \u00abdouble \u00e9vaporateurs de nous pouvons fournir diff\u00e9rentes temp\u00e9ratures. Notre excellente infrastructure veille \u00e0 ce que la temp\u00e9rature d\u00e9sir\u00e9e soit pas interrompu.<br \/>\nVoulez-vous transporter les fleurs et les plantes en Finlande? Scandinavi\u00eb Transport De Waal BV fournit ce transport floral usine comme pour vous.<\/h6>\n<p>[\/vc_column_text][\/vc_column][vc_column width=\u00a0\u00bb1\/3&Prime;][vc_single_image image=\u00a0\u00bb5783&Prime; img_size=\u00a0\u00bbfull\u00a0\u00bb style=\u00a0\u00bbvc_box_shadow_border\u00a0\u00bb][\/vc_column][\/vc_row][vc_row][vc_column][vc_separator border_width=\u00a0\u00bb3&Prime;][\/vc_column][\/vc_row]<\/p>\n<\/div>","protected":false},"excerpt":{"rendered":"<p>[vc_row][vc_column][vc_empty_space][\/vc_column][\/vc_row][vc_row css=\u00a0\u00bb.vc_custom_1414841734642{margin-top: 0px !important;padding-top: 40px !important;}\u00a0\u00bb][vc_column][vc_single_image image=\u00a0\u00bb5779&Prime; img_size=\u00a0\u00bbfull\u00a0\u00bb alignment=\u00a0\u00bbcenter\u00a0\u00bb style=\u00a0\u00bbvc_box_shadow_border\u00a0\u00bb][\/vc_column][\/vc_row][vc_row][vc_column width=\u00a0\u00bb2\/3&Prime;][vc_column_text] Transports Plantes Plantes transport est un service que nous offrons depuis un certain temps. Nous avons les comp\u00e9tences, l&rsquo;expertise [&hellip;]<\/p>\n","protected":false},"author":1,"featured_media":0,"parent":4197,"menu_order":2,"comment_status":"closed","ping_status":"closed","template":"","meta":{"footnotes":""},"class_list":["post-4204","page","type-page","status-publish","hentry"],"_links":{"self":[{"href":"https:\/\/www.jandewaaltransport.nl\/index.php\/wp-json\/wp\/v2\/pages\/4204\/?lang=fr"}],"collection":[{"href":"https:\/\/www.jandewaaltransport.nl\/index.php\/wp-json\/wp\/v2\/pages\/?lang=fr"}],"about":[{"href":"https:\/\/www.jandewaaltransport.nl\/index.php\/wp-json\/wp\/v2\/types\/page\/?lang=fr"}],"author":[{"embeddable":true,"href":"https:\/\/www.jandewaaltransport.nl\/index.php\/wp-json\/wp\/v2\/users\/1\/?lang=fr"}],"replies":[{"embeddable":true,"href":"https:\/\/www.jandewaaltransport.nl\/index.php\/wp-json\/wp\/v2\/comments\/?lang=fr&post=4204"}],"version-history":[{"count":6,"href":"https:\/\/www.jandewaaltransport.nl\/index.php\/wp-json\/wp\/v2\/pages\/4204\/revisions\/?lang=fr"}],"predecessor-version":[{"id":6247,"href":"https:\/\/www.jandewaaltransport.nl\/index.php\/wp-json\/wp\/v2\/pages\/4204\/revisions\/6247\/?lang=fr"}],"up":[{"embeddable":true,"href":"https:\/\/www.jandewaaltransport.nl\/index.php\/wp-json\/wp\/v2\/pages\/4197\/?lang=fr"}],"wp:attachment":[{"href":"https:\/\/www.jandewaaltransport.nl\/index.php\/wp-json\/wp\/v2\/media\/?lang=fr&parent=4204"}],"curies":[{"name":"wp","href":"https:\/\/api.w.org\/{rel}","templated":true}]}}