{"id":4214,"date":"2015-06-16T11:01:13","date_gmt":"2015-06-16T11:01:13","guid":{"rendered":"http:\/\/www.jandewaaltransport.nl\/?page_id=4214"},"modified":"2021-01-26T23:44:36","modified_gmt":"2021-01-26T23:44:36","slug":"transports-legumes","status":"publish","type":"page","link":"https:\/\/www.jandewaaltransport.nl\/index.php\/services-4\/transports-legumes\/?lang=fr","title":{"rendered":"Transports L\u00e9gumes"},"content":{"rendered":"<div class=\"wpb-content-wrapper\"><p>[vc_row][vc_column][vc_empty_space][\/vc_column][\/vc_row][vc_row css=\u00a0\u00bb.vc_custom_1414841734642{margin-top: 0px !important;padding-top: 40px !important;}\u00a0\u00bb][vc_column][vc_single_image image=\u00a0\u00bb5835&Prime; img_size=\u00a0\u00bbfull\u00a0\u00bb alignment=\u00a0\u00bbcenter\u00a0\u00bb style=\u00a0\u00bbvc_box_shadow_border\u00a0\u00bb][\/vc_column][\/vc_row][vc_row][vc_column width=\u00a0\u00bb2\/3&Prime;][vc_column_text]<\/p>\n<h3>Transports L\u00e9gumes<\/h3>\n<h5>En particulier dans le transport de l\u00e9gumes est tr\u00e8s important que les experts de traiter avec les produits concern\u00e9s. Tous les produits ne peuvent \/ peuvent \u00eatre simplement stock\u00e9s \u00e0 c\u00f4t\u00e9 de l&rsquo;autre \/ transport\u00e9. Pendant tout le processus de chargement et de d\u00e9chargement, transport, etc. sont tous tr\u00e8s bien surveill\u00e9s.<\/h5>\n<h6>Command\u00e9e par les acheteurs, les producteurs, les exportateurs, les ventes aux ench\u00e8res et les usines de transformation de l\u00e9gumes, nous fournissons le transport \u00e0 travers l&rsquo;Europe. Jan de Waal transport, par exemple le transport sans probl\u00e8me de vos fruits et l\u00e9gumes ou Pays-Bas.<\/h6>\n<p>[\/vc_column_text][\/vc_column][vc_column width=\u00a0\u00bb1\/3&Prime;][vc_single_image image=\u00a0\u00bb5831&Prime; img_size=\u00a0\u00bbfull\u00a0\u00bb alignment=\u00a0\u00bbright\u00a0\u00bb style=\u00a0\u00bbvc_box_shadow_border\u00a0\u00bb][\/vc_column][\/vc_row][vc_row][vc_column][vc_separator border_width=\u00a0\u00bb3&Prime;][\/vc_column][\/vc_row]<\/p>\n<\/div>","protected":false},"excerpt":{"rendered":"<p>[vc_row][vc_column][vc_empty_space][\/vc_column][\/vc_row][vc_row css=\u00a0\u00bb.vc_custom_1414841734642{margin-top: 0px !important;padding-top: 40px !important;}\u00a0\u00bb][vc_column][vc_single_image image=\u00a0\u00bb5835&Prime; img_size=\u00a0\u00bbfull\u00a0\u00bb alignment=\u00a0\u00bbcenter\u00a0\u00bb style=\u00a0\u00bbvc_box_shadow_border\u00a0\u00bb][\/vc_column][\/vc_row][vc_row][vc_column width=\u00a0\u00bb2\/3&Prime;][vc_column_text] Transports L\u00e9gumes En particulier dans le transport de l\u00e9gumes est tr\u00e8s important que les experts de traiter avec les [&hellip;]<\/p>\n","protected":false},"author":1,"featured_media":0,"parent":4197,"menu_order":3,"comment_status":"closed","ping_status":"closed","template":"","meta":{"footnotes":""},"class_list":["post-4214","page","type-page","status-publish","hentry"],"_links":{"self":[{"href":"https:\/\/www.jandewaaltransport.nl\/index.php\/wp-json\/wp\/v2\/pages\/4214\/?lang=fr"}],"collection":[{"href":"https:\/\/www.jandewaaltransport.nl\/index.php\/wp-json\/wp\/v2\/pages\/?lang=fr"}],"about":[{"href":"https:\/\/www.jandewaaltransport.nl\/index.php\/wp-json\/wp\/v2\/types\/page\/?lang=fr"}],"author":[{"embeddable":true,"href":"https:\/\/www.jandewaaltransport.nl\/index.php\/wp-json\/wp\/v2\/users\/1\/?lang=fr"}],"replies":[{"embeddable":true,"href":"https:\/\/www.jandewaaltransport.nl\/index.php\/wp-json\/wp\/v2\/comments\/?lang=fr&post=4214"}],"version-history":[{"count":5,"href":"https:\/\/www.jandewaaltransport.nl\/index.php\/wp-json\/wp\/v2\/pages\/4214\/revisions\/?lang=fr"}],"predecessor-version":[{"id":6248,"href":"https:\/\/www.jandewaaltransport.nl\/index.php\/wp-json\/wp\/v2\/pages\/4214\/revisions\/6248\/?lang=fr"}],"up":[{"embeddable":true,"href":"https:\/\/www.jandewaaltransport.nl\/index.php\/wp-json\/wp\/v2\/pages\/4197\/?lang=fr"}],"wp:attachment":[{"href":"https:\/\/www.jandewaaltransport.nl\/index.php\/wp-json\/wp\/v2\/media\/?lang=fr&parent=4214"}],"curies":[{"name":"wp","href":"https:\/\/api.w.org\/{rel}","templated":true}]}}