{"id":4216,"date":"2015-06-16T11:03:55","date_gmt":"2015-06-16T11:03:55","guid":{"rendered":"http:\/\/www.jandewaaltransport.nl\/?page_id=4216"},"modified":"2021-01-26T23:45:22","modified_gmt":"2021-01-26T23:45:22","slug":"transports-fruit","status":"publish","type":"page","link":"https:\/\/www.jandewaaltransport.nl\/index.php\/services-4\/transports-fruit\/?lang=fr","title":{"rendered":"Transports Fruits"},"content":{"rendered":"<div class=\"wpb-content-wrapper\"><p>[vc_row][vc_column][vc_empty_space][\/vc_column][\/vc_row][vc_row css=\u00a0\u00bb.vc_custom_1414841734642{margin-top: 0px !important;padding-top: 40px !important;}\u00a0\u00bb][vc_column][vc_single_image image=\u00a0\u00bb5856&Prime; img_size=\u00a0\u00bbfull\u00a0\u00bb alignment=\u00a0\u00bbcenter\u00a0\u00bb style=\u00a0\u00bbvc_box_shadow_border\u00a0\u00bb][\/vc_column][\/vc_row][vc_row][vc_column width=\u00a0\u00bb2\/3&Prime;][vc_column_text]<\/p>\n<h3>Transports Fruits<\/h3>\n<h5>Gr\u00e2ce \u00e0 nos ann\u00e9es d&rsquo;exp\u00e9rience, nous savons mieux que quiconque quelles sont les exigences impos\u00e9es sur le transport de produits frais comme les fruits. Gr\u00e2ce \u00e0 notre personnel qualifi\u00e9 et des \u00e9quipements modernes, nous nous assurons produits sont transport\u00e9s correctement. De cette fa\u00e7on, vous ne serez pas la n\u00e9cessit\u00e9 et vous ne devez pas vous inqui\u00e9ter sur le transport de fruits.<\/h5>\n<h6>Jan de Waal transport bv dispose d&rsquo;une flotte neuve et moderne pour le transport de choses comme des fruits. Vos ordres de transport sont effectu\u00e9s en douceur, le client et ses \/ ses biens sont centrale!<\/h6>\n<p>[\/vc_column_text][\/vc_column][vc_column width=\u00a0\u00bb1\/3&Prime;][vc_single_image image=\u00a0\u00bb5852&Prime; img_size=\u00a0\u00bbfull\u00a0\u00bb alignment=\u00a0\u00bbright\u00a0\u00bb style=\u00a0\u00bbvc_box_shadow_border\u00a0\u00bb][\/vc_column][\/vc_row][vc_row][vc_column][vc_separator border_width=\u00a0\u00bb3&Prime;][\/vc_column][\/vc_row]<\/p>\n<\/div>","protected":false},"excerpt":{"rendered":"<p>[vc_row][vc_column][vc_empty_space][\/vc_column][\/vc_row][vc_row css=\u00a0\u00bb.vc_custom_1414841734642{margin-top: 0px !important;padding-top: 40px !important;}\u00a0\u00bb][vc_column][vc_single_image image=\u00a0\u00bb5856&Prime; img_size=\u00a0\u00bbfull\u00a0\u00bb alignment=\u00a0\u00bbcenter\u00a0\u00bb style=\u00a0\u00bbvc_box_shadow_border\u00a0\u00bb][\/vc_column][\/vc_row][vc_row][vc_column width=\u00a0\u00bb2\/3&Prime;][vc_column_text] Transports Fruits Gr\u00e2ce \u00e0 nos ann\u00e9es d&rsquo;exp\u00e9rience, nous savons mieux que quiconque quelles sont les exigences impos\u00e9es sur le [&hellip;]<\/p>\n","protected":false},"author":1,"featured_media":0,"parent":4197,"menu_order":4,"comment_status":"closed","ping_status":"closed","template":"","meta":{"footnotes":""},"class_list":["post-4216","page","type-page","status-publish","hentry"],"_links":{"self":[{"href":"https:\/\/www.jandewaaltransport.nl\/index.php\/wp-json\/wp\/v2\/pages\/4216\/?lang=fr"}],"collection":[{"href":"https:\/\/www.jandewaaltransport.nl\/index.php\/wp-json\/wp\/v2\/pages\/?lang=fr"}],"about":[{"href":"https:\/\/www.jandewaaltransport.nl\/index.php\/wp-json\/wp\/v2\/types\/page\/?lang=fr"}],"author":[{"embeddable":true,"href":"https:\/\/www.jandewaaltransport.nl\/index.php\/wp-json\/wp\/v2\/users\/1\/?lang=fr"}],"replies":[{"embeddable":true,"href":"https:\/\/www.jandewaaltransport.nl\/index.php\/wp-json\/wp\/v2\/comments\/?lang=fr&post=4216"}],"version-history":[{"count":5,"href":"https:\/\/www.jandewaaltransport.nl\/index.php\/wp-json\/wp\/v2\/pages\/4216\/revisions\/?lang=fr"}],"predecessor-version":[{"id":6249,"href":"https:\/\/www.jandewaaltransport.nl\/index.php\/wp-json\/wp\/v2\/pages\/4216\/revisions\/6249\/?lang=fr"}],"up":[{"embeddable":true,"href":"https:\/\/www.jandewaaltransport.nl\/index.php\/wp-json\/wp\/v2\/pages\/4197\/?lang=fr"}],"wp:attachment":[{"href":"https:\/\/www.jandewaaltransport.nl\/index.php\/wp-json\/wp\/v2\/media\/?lang=fr&parent=4216"}],"curies":[{"name":"wp","href":"https:\/\/api.w.org\/{rel}","templated":true}]}}