{"id":4260,"date":"2015-06-16T11:47:21","date_gmt":"2015-06-16T11:47:21","guid":{"rendered":"http:\/\/www.jandewaaltransport.nl\/?page_id=4260"},"modified":"2021-01-25T19:56:41","modified_gmt":"2021-01-25T19:56:41","slug":"medien","status":"publish","type":"page","link":"https:\/\/www.jandewaaltransport.nl\/index.php\/medien\/?lang=de","title":{"rendered":"MEDIEN"},"content":{"rendered":"<div class=\"wpb-content-wrapper\"><p>[vc_row][vc_column][vc_empty_space][\/vc_column][\/vc_row][vc_row][vc_column][vc_column_text]<br \/>\nWir haben eine umfangreiche und abwechslungsreiche Flotte von LKWs, Anh\u00e4ngern und Volumenkombinationen.<br \/>\ngeeignet f\u00fcr konditionierten Transport. Dies sind unsere Visitenkarten f\u00fcr das Unternehmen.<\/p>\n<p>Danke an die verschiedenen Fotografen![\/vc_column_text][\/vc_column][\/vc_row][vc_row][vc_column][vc_separator border_width=&#8220;3&#8243;][\/vc_column][\/vc_row][vc_column][\/vc_column]<\/p>\n<\/div>","protected":false},"excerpt":{"rendered":"<p>[vc_row][vc_column][vc_empty_space][\/vc_column][\/vc_row][vc_row][vc_column][vc_column_text] Wir haben eine umfangreiche und abwechslungsreiche Flotte von LKWs, Anh\u00e4ngern und Volumenkombinationen. geeignet f\u00fcr konditionierten Transport. Dies sind unsere Visitenkarten f\u00fcr das Unternehmen. Danke an die verschiedenen Fotografen![\/vc_column_text][\/vc_column][\/vc_row][vc_row][vc_column][vc_separator border_width=&#8220;3&#8243;][\/vc_column][\/vc_row][vc_column][\/vc_column]<\/p>\n","protected":false},"author":1,"featured_media":0,"parent":0,"menu_order":0,"comment_status":"closed","ping_status":"closed","template":"","meta":{"footnotes":""},"class_list":["post-4260","page","type-page","status-publish","hentry"],"_links":{"self":[{"href":"https:\/\/www.jandewaaltransport.nl\/index.php\/wp-json\/wp\/v2\/pages\/4260\/?lang=de"}],"collection":[{"href":"https:\/\/www.jandewaaltransport.nl\/index.php\/wp-json\/wp\/v2\/pages\/?lang=de"}],"about":[{"href":"https:\/\/www.jandewaaltransport.nl\/index.php\/wp-json\/wp\/v2\/types\/page\/?lang=de"}],"author":[{"embeddable":true,"href":"https:\/\/www.jandewaaltransport.nl\/index.php\/wp-json\/wp\/v2\/users\/1\/?lang=de"}],"replies":[{"embeddable":true,"href":"https:\/\/www.jandewaaltransport.nl\/index.php\/wp-json\/wp\/v2\/comments\/?lang=de&post=4260"}],"version-history":[{"count":4,"href":"https:\/\/www.jandewaaltransport.nl\/index.php\/wp-json\/wp\/v2\/pages\/4260\/revisions\/?lang=de"}],"predecessor-version":[{"id":6202,"href":"https:\/\/www.jandewaaltransport.nl\/index.php\/wp-json\/wp\/v2\/pages\/4260\/revisions\/6202\/?lang=de"}],"wp:attachment":[{"href":"https:\/\/www.jandewaaltransport.nl\/index.php\/wp-json\/wp\/v2\/media\/?lang=de&parent=4260"}],"curies":[{"name":"wp","href":"https:\/\/api.w.org\/{rel}","templated":true}]}}