{"id":4264,"date":"2015-06-16T11:53:28","date_gmt":"2015-06-16T11:53:28","guid":{"rendered":"http:\/\/www.jandewaaltransport.nl\/?page_id=4264"},"modified":"2021-01-30T22:41:54","modified_gmt":"2021-01-30T22:41:54","slug":"uber-jan-de-waal","status":"publish","type":"page","link":"https:\/\/www.jandewaaltransport.nl\/index.php\/home-jan-de-waal\/uber-jan-de-waal\/?lang=de","title":{"rendered":"\u00dcBER JAN DE WAAL"},"content":{"rendered":"<div class=\"wpb-content-wrapper\"><p>[vc_row bg_scroll=&#8220;h,-1&#8243; font_color=&#8220;#ffffff&#8220; css=&#8220;.vc_custom_1414581296173{margin-top: 0px !important;margin-bottom: 0px !important;padding-top: 100px !important;padding-bottom: 100px !important;background-image: url(http:\/\/www.jandewaaltransport.nl\/wp-content\/uploads\/2014\/10\/corporat_collage.jpg?id=94) !important;}&#8220;][vc_column][vc_column_text]<\/p>\n<h3 style=\"text-align: center;\">\u00dcBER UNS<\/h3>\n<h3 style=\"text-align: center;\">Jan de Waal Transport BV ist ein unabh\u00e4ngiges Transportunternehmen f\u00fcr<br \/>\nalle nationalen und internationalen Transporten.<br \/>\nWir sind spezialisiert auf den Transport (beide vollst\u00e4ndig und Sammelgut)<br \/>\nvon Obst\/ Gem\u00fcse und Blumen\/ Pflanzen.<\/h3>\n<p>[\/vc_column_text][vc_row_inner][vc_column_inner width=&#8220;1\/3&#8243;]<span id=\"ozy_icon_2928\" class=\"ozy-icon  wpb_content_element align-center xxlarge  icon oic-flaticon4-world92 \" style=\";color:#34ccff\" ><\/span><div class=\"ozy-counter wpb_content_element \" style=\"color:#ffffff\"><div class=\"timer\" data-sign=\"\" data-signpos=\"right\" data-from=\"0\" data-to=\"1\">0<\/div><div class=\"hr\" style=\"background-color:#ffffff\"><\/div><span>ANSPRECHPARTNER<\/span><\/div>[\/vc_column_inner][vc_column_inner width=&#8220;1\/3&#8243;]<span id=\"ozy_icon_7533\" class=\"ozy-icon  wpb_content_element align-center xxlarge  icon oic-users \" style=\";color:#34ccff\" ><\/span><div class=\"ozy-counter wpb_content_element \" style=\"color:#ffffff\"><div class=\"timer\" data-sign=\"\" data-signpos=\"right\" data-from=\"0\" data-to=\"40\">0<\/div><div class=\"hr\" style=\"background-color:#ffffff\"><\/div><span>MITARBEITER<\/span><\/div>[\/vc_column_inner][vc_column_inner width=&#8220;1\/3&#8243;]<span id=\"ozy_icon_7008\" class=\"ozy-icon  wpb_content_element align-center xxlarge  icon oic-truck \" style=\";color:#34ccff\" ><\/span><div class=\"ozy-counter wpb_content_element \" style=\"color:#ffffff\"><div class=\"timer\" data-sign=\"\" data-signpos=\"right\" data-from=\"0\" data-to=\"250000\">0<\/div><div class=\"hr\" style=\"background-color:#ffffff\"><\/div><span>FRACHTTONNEN JEDES JAHR<\/span><\/div>[\/vc_column_inner][\/vc_row_inner][\/vc_column][\/vc_row][vc_row css=&#8220;.vc_custom_1414616349744{margin-top: 0px !important;margin-bottom: 0px !important;padding-top: 60px !important;padding-bottom: 0px !important;}&#8220;][vc_column width=&#8220;1\/2&#8243;][vc_single_image image=&#8220;107&#8243; img_size=&#8220;full&#8220; alignment=&#8220;center&#8220; style=&#8220;vc_box_shadow_border&#8220;][\/vc_column][vc_column width=&#8220;1\/2&#8243;][vc_column_text css=&#8220;.vc_custom_1612039074860{margin-bottom: 0px !important;padding-bottom: 0px !important;}&#8220;]<\/p>\n<h6>Im Jahr 1989 begann als ein privater Fahrer mit einem Auto und jetzt zu einem vielseitigen Transportunternehmen mit 30 eigenen Autos entwickelt.<\/h6>\n<h6>Um unseren Kunden stellen wir zus\u00e4tzlich zu unseren eigenen Autos, die Verwendung von +\/- 40 \u201epermanent\u201c Eigent\u00fcmer Treiber sein.<\/h6>\n<h6>Von unserem B\u00fcro in Bleiswijk bieten wir t\u00e4glich Blume Transport zu und von verschiedenen Auktionen und Z\u00fcchter in den Niederlanden und Belgien.<\/h6>\n<h6>Jeden Tag bieten wir mehrere Sendungen von Westland zu Grubbenvorst und umgekehrt. Wir haben auch f\u00fcr verschiedene Kunden zu erbringen, um beispielsweise Deutschland, Frankreich und England.<\/h6>\n<p>[\/vc_column_text][\/vc_column][\/vc_row][vc_row][vc_column][vc_separator][\/vc_column][\/vc_row][vc_row][vc_column width=&#8220;1\/2&#8243;]<h3 class=\"ozy-divider-cap-left wpb_content_element\">SCANDINAVIE TRANSPORT DE WAAL<\/h3><div class=\"ozy-content-divider \" style=\"border-top-style:solid;border-top-width:1px\"><\/div>[vc_column_text]<\/p>\n<h5>Scandinavi\u00eb Transport de Waal BV k\u00fcmmert sich um alle Ihre Sendungen nach Finnland. Jeden Tag gibt es mindestens f\u00fcnf gek\u00fchlten Autos nach Skandinavien; weil wir Drive \u201aDoppelverdampfer\u2018 k\u00f6nnen wir unterschiedliche Temperaturen zu schaffen.<\/h5>\n<p>[\/vc_column_text][\/vc_column][vc_column width=&#8220;1\/2&#8243;]<h3 class=\"ozy-divider-cap-left wpb_content_element\">ST FINLAND OY<\/h3><div class=\"ozy-content-divider \" style=\"border-top-style:solid;border-top-width:1px\"><\/div>[vc_column_text]<\/p>\n<h5>Tochtergesellschaft von Scandinavi\u00eb Transport de Waal BV. Es fahren 3 Autos (ex Jan de Waal Transport) mit finnischer Abzeichen, um auch in der Lage, um den finnischen Markt zu versorgen. Diese Autos l\u00f6sen unsere eigenen Anh\u00e4nger, die mit der F\u00e4hre nach Helsinki mit unseren Kunden gehen. Nat\u00fcrlich bieten wir auch die M\u00f6glichkeit, Ladung innerhalb Finnland zu transportieren.<\/h5>\n<p>[\/vc_column_text][\/vc_column][\/vc_row][vc_row][vc_column][vc_separator][\/vc_column][\/vc_row]<\/p>\n<\/div>","protected":false},"excerpt":{"rendered":"<p>[vc_row bg_scroll=&#8220;h,-1&#8243; font_color=&#8220;#ffffff&#8220; css=&#8220;.vc_custom_1414581296173{margin-top: 0px !important;margin-bottom: 0px !important;padding-top: 100px !important;padding-bottom: 100px !important;background-image: url(http:\/\/www.jandewaaltransport.nl\/wp-content\/uploads\/2014\/10\/corporat_collage.jpg?id=94) !important;}&#8220;][vc_column][vc_column_text] \u00dcBER UNS Jan de Waal Transport BV ist ein unabh\u00e4ngiges Transportunternehmen f\u00fcr alle nationalen und internationalen [&hellip;]<\/p>\n","protected":false},"author":1,"featured_media":0,"parent":4256,"menu_order":1,"comment_status":"closed","ping_status":"closed","template":"","meta":{"footnotes":""},"class_list":["post-4264","page","type-page","status-publish","hentry"],"_links":{"self":[{"href":"https:\/\/www.jandewaaltransport.nl\/index.php\/wp-json\/wp\/v2\/pages\/4264\/?lang=de"}],"collection":[{"href":"https:\/\/www.jandewaaltransport.nl\/index.php\/wp-json\/wp\/v2\/pages\/?lang=de"}],"about":[{"href":"https:\/\/www.jandewaaltransport.nl\/index.php\/wp-json\/wp\/v2\/types\/page\/?lang=de"}],"author":[{"embeddable":true,"href":"https:\/\/www.jandewaaltransport.nl\/index.php\/wp-json\/wp\/v2\/users\/1\/?lang=de"}],"replies":[{"embeddable":true,"href":"https:\/\/www.jandewaaltransport.nl\/index.php\/wp-json\/wp\/v2\/comments\/?lang=de&post=4264"}],"version-history":[{"count":3,"href":"https:\/\/www.jandewaaltransport.nl\/index.php\/wp-json\/wp\/v2\/pages\/4264\/revisions\/?lang=de"}],"predecessor-version":[{"id":6289,"href":"https:\/\/www.jandewaaltransport.nl\/index.php\/wp-json\/wp\/v2\/pages\/4264\/revisions\/6289\/?lang=de"}],"up":[{"embeddable":true,"href":"https:\/\/www.jandewaaltransport.nl\/index.php\/wp-json\/wp\/v2\/pages\/4256\/?lang=de"}],"wp:attachment":[{"href":"https:\/\/www.jandewaaltransport.nl\/index.php\/wp-json\/wp\/v2\/media\/?lang=de&parent=4264"}],"curies":[{"name":"wp","href":"https:\/\/api.w.org\/{rel}","templated":true}]}}