{"id":4266,"date":"2015-06-16T12:02:14","date_gmt":"2015-06-16T12:02:14","guid":{"rendered":"http:\/\/www.jandewaaltransport.nl\/?page_id=4266"},"modified":"2024-10-27T20:29:42","modified_gmt":"2024-10-27T20:29:42","slug":"uber-uns","status":"publish","type":"page","link":"https:\/\/www.jandewaaltransport.nl\/index.php\/home-jan-de-waal\/uber-jan-de-waal\/uber-uns\/?lang=de","title":{"rendered":"\u00dcber uns&#8230;"},"content":{"rendered":"<div class=\"wpb-content-wrapper\"><p>[vc_row css=&#8220;.vc_custom_1414616349744{margin-top: 0px !important;margin-bottom: 0px !important;padding-top: 60px !important;padding-bottom: 0px !important;}&#8220;][vc_column width=&#8220;1\/2&#8243;][vc_single_image image=&#8220;6461&#8243; img_size=&#8220;full&#8220; alignment=&#8220;center&#8220; css=&#8220;&#8220;][\/vc_column][vc_column width=&#8220;1\/2&#8243;][vc_column_text css=&#8220;.vc_custom_1730060977528{margin-bottom: 0px !important;padding-bottom: 0px !important;}&#8220;]<\/p>\n<h6><strong><span class=\"jCAhz ChMk0b\"><span class=\"ryNqvb\">Van Ooijen Transport und Freshgard Warehousing schlie\u00dfen sich der Partnerschaft von Jan Deckers, Jan de Waal und Deij Transport an.<br \/>\n<\/span><\/span><\/strong><span class=\"jCAhz ChMk0b\"><span class=\"ryNqvb\">Van Ooijen Transport und Freshgard Warehousing in Barendrecht sind letzte Woche der strategischen Partnerschaft von Jan de Waal (mit Sitz in Bleiswijk), Jan Deckers (mit Sitz in Ammerzoden) und Deij Transport (mit Sitz in Geldermalsen) beigetreten.<\/span><\/span> <span class=\"jCAhz ChMk0b\"><span class=\"ryNqvb\">Ziel dieser Zusammenarbeit ist es, ihre Position im Blumen-, Pflanzen-, Obst- und Gem\u00fcsesektor weiter zu st\u00e4rken, wobei die beteiligten Unternehmen das Fachwissen und die Gr\u00f6\u00dfenvorteile des jeweils anderen nutzen.<\/span><\/span> <span class=\"jCAhz ChMk0b\"><span class=\"ryNqvb\">Diese B\u00fcndelung der Kr\u00e4fte erm\u00f6glicht es den Parteien, noch besser auf die Bed\u00fcrfnisse des Marktes einzugehen und ihre Kunden noch effizienter zu bedienen.\u00a0<\/span><\/span><\/h6>\n<p>[\/vc_column_text][vc_separator][vc_column_text css=&#8220;&#8220;]<\/p>\n<h6><span class=\"jCAhz\"><span class=\"ryNqvb\">Alle Kooperationspartner haben individuell ihre eigene Spezialisierung und agieren weiterhin unabh\u00e4ngig voneinander.<\/span><\/span> <span class=\"jCAhz ChMk0b\"><span class=\"ryNqvb\">Die Partnerschaft sorgt f\u00fcr eine gr\u00f6\u00dfere Reichweite des Netzwerks im In- und Ausland und tr\u00e4gt zur weiteren Professionalisierung der Dienstleistungen bei.<\/span><\/span> <span class=\"jCAhz ChMk0b\"><span class=\"ryNqvb\">Durch die Zusammenarbeit stehen t\u00e4glich mehr als 175 klimatisierte Lkw zur Verf\u00fcgung, um die Kunden schnell und zuverl\u00e4ssig zu bedienen. <\/span><\/span><span class=\"jCAhz ChMk0b\"><span class=\"ryNqvb\">Van Ooijen Transport und das Schwesterunternehmen Freshgard k\u00fcmmern sich gemeinsam um den gesamten Logistikprozess in der Obst- und Gem\u00fcsekette.<\/span><\/span> <span class=\"jCAhz ChMk0b\"><span class=\"ryNqvb\">Van Ooijen Transport ist f\u00fcr den t\u00e4glichen Transport von etwa 25 LKW-Kombinationen zwischen den Obst- und Gem\u00fcseauktionen in Westland und verschiedenen Zielorten in Belgien verantwortlich.<\/span><\/span> <span class=\"jCAhz\"><span class=\"ryNqvb\">Der Hauptsitz befindet sich in Barendrecht, wo sich auch das 6.000 m\u00b2 gro\u00dfe klimatisierte Lager von Freshgard befindet.<\/span><\/span> <span class=\"jCAhz ChMk0b\"><span class=\"ryNqvb\">Dieses Lager ist mit zw\u00f6lf Lade- und Entladedocks, einem ger\u00e4umigen Cross-Dock-Boden und modernen Lagereinrichtungen mit acht Temperaturzonen f\u00fcr die klimatisierte Lagerung ausgestattet.<\/span><\/span> <span class=\"jCAhz ChMk0b\"><span class=\"ryNqvb\">Freshgard ist auf Lagerhaltung und Co-Packing spezialisiert, einschlie\u00dflich der Lagerung, Verwaltung und Verteilung von Frischprodukten.<\/span><\/span> <span class=\"jCAhz ChMk0b\"><span class=\"ryNqvb\">Das Unternehmen verf\u00fcgt au\u00dferdem \u00fcber eine Zolllagergenehmigung Typ C und ist eine anerkannte KCB-Inspektionsstelle. <\/span><\/span><span class=\"jCAhz ChMk0b\"><span class=\"ryNqvb\">Durch die strategische Zusammenarbeit wird das Netzwerk zwischen Westland und Belgien weiter gest\u00e4rkt und Van Ooijen Transport kann nun Fahrten zu Zielen anbieten, die von den anderen kooperierenden Unternehmen bedient werden.<\/span><\/span> <span class=\"jCAhz ChMk0b\"><span class=\"ryNqvb\">Damit gehen Van Ooijen Transport und Freshgard einen wichtigen Schritt zur Zukunftssicherheit ihrer Logistikdienstleistungen. <\/span><\/span><span class=\"jCAhz ChMk0b\"><span class=\"ryNqvb\">Van Ooijen Transport und Freshgard agieren wie die anderen beteiligten Familienunternehmen weiterhin unabh\u00e4ngig unter ihrem eigenen Namen, ihrer eigenen Corporate Identity und ihrer eigenen Identit\u00e4t.<\/span><\/span> <span class=\"jCAhz ChMk0b\"><span class=\"ryNqvb\">Die Zusammenarbeit hat keinerlei Konsequenzen f\u00fcr die Mitarbeiter oder die Gesch\u00e4ftsf\u00fchrung der Unternehmen.<\/span><\/span> <span class=\"jCAhz ChMk0b\"><span class=\"ryNqvb\">Auch f\u00fcr die Kunden \u00e4ndert sich nichts;<\/span><\/span> <span class=\"jCAhz ChMk0b\"><span class=\"ryNqvb\">Sie bleiben Kunde der Organisation, bei der sie derzeit ihre Dienste erhalten.<\/span><\/span><\/h6>\n<p>[\/vc_column_text][\/vc_column][\/vc_row][vc_row css=&#8220;.vc_custom_1414616438782{margin-top: 0px !important;margin-bottom: 0px !important;padding-top: 60px !important;padding-bottom: 60px !important;background-color: #edf4f6 !important;}&#8220;][vc_column]<div class=\"ozy-content-divider \" style=\"border-top-style:solid;border-top-width:2px;border-top-color:#34ccff;width:40px;max-width:40px;float:left;\"><\/div>[vc_column_text css=&#8220;.vc_custom_1432034396017{padding-top: 20px !important;}&#8220;]<\/p>\n<div>\n<div><span class=\"ws8\" style=\"color: #800000; font-family: Tahoma;\">\u00a0<\/span><\/div>\n<\/div>\n<p>[\/vc_column_text][\/vc_column][\/vc_row]<\/p>\n<\/div>","protected":false},"excerpt":{"rendered":"<p>[vc_row css=&#8220;.vc_custom_1414616349744{margin-top: 0px !important;margin-bottom: 0px !important;padding-top: 60px !important;padding-bottom: 0px !important;}&#8220;][vc_column width=&#8220;1\/2&#8243;][vc_single_image image=&#8220;6461&#8243; img_size=&#8220;full&#8220; alignment=&#8220;center&#8220; css=&#8220;&#8220;][\/vc_column][vc_column width=&#8220;1\/2&#8243;][vc_column_text css=&#8220;.vc_custom_1730060977528{margin-bottom: 0px !important;padding-bottom: 0px !important;}&#8220;] Van Ooijen Transport und Freshgard Warehousing schlie\u00dfen sich der [&hellip;]<\/p>\n","protected":false},"author":1,"featured_media":0,"parent":4264,"menu_order":1,"comment_status":"closed","ping_status":"closed","template":"","meta":{"footnotes":""},"class_list":["post-4266","page","type-page","status-publish","hentry"],"_links":{"self":[{"href":"https:\/\/www.jandewaaltransport.nl\/index.php\/wp-json\/wp\/v2\/pages\/4266\/?lang=de"}],"collection":[{"href":"https:\/\/www.jandewaaltransport.nl\/index.php\/wp-json\/wp\/v2\/pages\/?lang=de"}],"about":[{"href":"https:\/\/www.jandewaaltransport.nl\/index.php\/wp-json\/wp\/v2\/types\/page\/?lang=de"}],"author":[{"embeddable":true,"href":"https:\/\/www.jandewaaltransport.nl\/index.php\/wp-json\/wp\/v2\/users\/1\/?lang=de"}],"replies":[{"embeddable":true,"href":"https:\/\/www.jandewaaltransport.nl\/index.php\/wp-json\/wp\/v2\/comments\/?lang=de&post=4266"}],"version-history":[{"count":8,"href":"https:\/\/www.jandewaaltransport.nl\/index.php\/wp-json\/wp\/v2\/pages\/4266\/revisions\/?lang=de"}],"predecessor-version":[{"id":6484,"href":"https:\/\/www.jandewaaltransport.nl\/index.php\/wp-json\/wp\/v2\/pages\/4266\/revisions\/6484\/?lang=de"}],"up":[{"embeddable":true,"href":"https:\/\/www.jandewaaltransport.nl\/index.php\/wp-json\/wp\/v2\/pages\/4264\/?lang=de"}],"wp:attachment":[{"href":"https:\/\/www.jandewaaltransport.nl\/index.php\/wp-json\/wp\/v2\/media\/?lang=de&parent=4266"}],"curies":[{"name":"wp","href":"https:\/\/api.w.org\/{rel}","templated":true}]}}