{"id":4270,"date":"2015-06-16T12:10:46","date_gmt":"2015-06-16T12:10:46","guid":{"rendered":"http:\/\/www.jandewaaltransport.nl\/?page_id=4270"},"modified":"2021-01-30T23:34:19","modified_gmt":"2021-01-30T23:34:19","slug":"bestimmungsort","status":"publish","type":"page","link":"https:\/\/www.jandewaaltransport.nl\/index.php\/home-jan-de-waal\/uber-jan-de-waal\/bestimmungsort\/?lang=de","title":{"rendered":"Bestimmungsort"},"content":{"rendered":"<div class=\"wpb-content-wrapper\"><p>[vc_row][vc_column][vc_empty_space][\/vc_column][\/vc_row][vc_row][vc_column][vc_single_image image=&#8220;6018&#8243; img_size=&#8220;800&#215;533&#8243; alignment=&#8220;center&#8220; style=&#8220;vc_box_shadow_border&#8220;][\/vc_column][\/vc_row][vc_row][vc_column][vc_column_text]<\/p>\n<h3>Bestimmungsort&#8230;<\/h3>\n<h6>Jan de Waal Transport bv ist spezialisiert auf den Transport von Obst, Gem\u00fcse, Blumen und Pflanzen. Sie k\u00f6nnen mit uns in ganz Europa kommen. Daf\u00fcr haben wir eine sehr moderne Flotte von hoch qualifizierten Fahrern. Unsere multifunktionalen Lastwagen auf der Stra\u00dfe t\u00e4glich von und nach Zielen in den Niederlanden, Deutschland, Belgien, Frankreich und England.<\/h6>\n<h6><\/h6>\n<h6>Scandinavi\u00eb Transport De Waal BV k\u00fcmmert sich um alle Ihre Fracht nach Finnland.<\/h6>\n<p>[\/vc_column_text][\/vc_column][\/vc_row][vc_row][vc_column][vc_separator][\/vc_column][\/vc_row]<\/p>\n<\/div>","protected":false},"excerpt":{"rendered":"<p>[vc_row][vc_column][vc_empty_space][\/vc_column][\/vc_row][vc_row][vc_column][vc_single_image image=&#8220;6018&#8243; img_size=&#8220;800&#215;533&#8243; alignment=&#8220;center&#8220; style=&#8220;vc_box_shadow_border&#8220;][\/vc_column][\/vc_row][vc_row][vc_column][vc_column_text] Bestimmungsort&#8230; Jan de Waal Transport bv ist spezialisiert auf den Transport von Obst, Gem\u00fcse, Blumen und Pflanzen. Sie k\u00f6nnen mit uns in ganz Europa kommen. [&hellip;]<\/p>\n","protected":false},"author":1,"featured_media":0,"parent":4264,"menu_order":3,"comment_status":"closed","ping_status":"closed","template":"","meta":{"footnotes":""},"class_list":["post-4270","page","type-page","status-publish","hentry"],"_links":{"self":[{"href":"https:\/\/www.jandewaaltransport.nl\/index.php\/wp-json\/wp\/v2\/pages\/4270\/?lang=de"}],"collection":[{"href":"https:\/\/www.jandewaaltransport.nl\/index.php\/wp-json\/wp\/v2\/pages\/?lang=de"}],"about":[{"href":"https:\/\/www.jandewaaltransport.nl\/index.php\/wp-json\/wp\/v2\/types\/page\/?lang=de"}],"author":[{"embeddable":true,"href":"https:\/\/www.jandewaaltransport.nl\/index.php\/wp-json\/wp\/v2\/users\/1\/?lang=de"}],"replies":[{"embeddable":true,"href":"https:\/\/www.jandewaaltransport.nl\/index.php\/wp-json\/wp\/v2\/comments\/?lang=de&post=4270"}],"version-history":[{"count":7,"href":"https:\/\/www.jandewaaltransport.nl\/index.php\/wp-json\/wp\/v2\/pages\/4270\/revisions\/?lang=de"}],"predecessor-version":[{"id":6322,"href":"https:\/\/www.jandewaaltransport.nl\/index.php\/wp-json\/wp\/v2\/pages\/4270\/revisions\/6322\/?lang=de"}],"up":[{"embeddable":true,"href":"https:\/\/www.jandewaaltransport.nl\/index.php\/wp-json\/wp\/v2\/pages\/4264\/?lang=de"}],"wp:attachment":[{"href":"https:\/\/www.jandewaaltransport.nl\/index.php\/wp-json\/wp\/v2\/media\/?lang=de&parent=4270"}],"curies":[{"name":"wp","href":"https:\/\/api.w.org\/{rel}","templated":true}]}}