{"id":4275,"date":"2015-06-16T13:01:16","date_gmt":"2015-06-16T13:01:16","guid":{"rendered":"http:\/\/www.jandewaaltransport.nl\/?page_id=4275"},"modified":"2024-08-21T12:31:55","modified_gmt":"2024-08-21T12:31:55","slug":"speicherung-und-ubertragung","status":"publish","type":"page","link":"https:\/\/www.jandewaaltransport.nl\/index.php\/dienstleistungen\/speicherung-und-ubertragung\/?lang=de","title":{"rendered":"Speicherung und \u00dcbertragung"},"content":{"rendered":"<div class=\"wpb-content-wrapper\"><p>[vc_row][vc_column][vc_empty_space][\/vc_column][\/vc_row][vc_row][vc_column][vc_single_image image=&#8220;5903&#8243; img_size=&#8220;full&#8220; alignment=&#8220;center&#8220; style=&#8220;vc_box_shadow_border&#8220;][\/vc_column][\/vc_row][vc_row][vc_column][vc_column_text]<\/p>\n<h3>Speicherung und \u00dcbertragung&#8230;<\/h3>\n<h5>Wir haben Bleiswijk \u00fcber 450 m2 Cross-Dock Raum und K\u00fchllagerung. Wir haben Zugang zu vier Be- \/ Entladen Docks. Unsere t\u00e4gliche &#8222;business&#8220;, so der Pilot und auch unsere Kunden ihre Ware von zB Spanien mit uns und wir f\u00fchren diese Belastungen zur\u00fcck nach Finnland, unter anderem. Unsere Kunden nutzen unsere Raum als rein &#8222;Umschlagplatz&#8220;.<\/h5>\n<h6>Suchen Sie eine vor\u00fcbergehende L\u00f6sung, um Ihren Raum oder einer \u00dcbergabestation; z\u00f6gern Sie nicht, uns f\u00fcr weitere Informationen zu kontaktieren. Alle Einrichtungen sind in Kombination mit erfahrenen und qualifizierten Mitarbeitern Lager.<\/h6>\n<h5>Wir sind im Besitz eines IFS-Zertifikat, so dass Ihre Ware in guten H\u00e4nden sind.<\/h5>\n<p>[\/vc_column_text][\/vc_column][\/vc_row][vc_row][vc_column width=&#8220;1\/6&#8243;][vc_single_image image=&#8220;5461&#8243; img_size=&#8220;138&#215;167&#8243; style=&#8220;vc_box_shadow_border&#8220;][\/vc_column][vc_column width=&#8220;2\/3&#8243;][vc_column_text css=&#8220;&#8220;]<\/p>\n<p id=\"tw-target-text\" class=\"tw-data-text tw-text-large XcVN5d tw-ta\" dir=\"ltr\" data-placeholder=\"Vertaling\"><strong><span class=\"Y2IQFc\" lang=\"de\">Laden Sie hier das Zertifikat herunter.<\/span><\/strong><\/p>\n<p class=\"tw-data-text tw-text-large XcVN5d tw-ta\" dir=\"ltr\" data-placeholder=\"Vertaling\"><strong>\u2022 <a href=\"https:\/\/www.jandewaaltransport.nl\/wp-content\/uploads\/2024\/08\/IFS-Certificaat-2024-1.jpg\">IFS Certificaat<\/a><\/strong><\/p>\n<p>[\/vc_column_text][\/vc_column][vc_column width=&#8220;1\/6&#8243;][\/vc_column][\/vc_row][vc_row css=&#8220;.vc_custom_1414841734642{margin-top: 0px !important;padding-top: 40px !important;}&#8220;][vc_column][vc_row_inner][vc_column_inner width=&#8220;1\/4&#8243;]<a href=\"\" target=\"_self\" class=\"ozy-colored-content-box\" id=\"fancybox-3743\">\n<img decoding=\"async\" src=\"https:\/\/www.jandewaaltransport.nl\/wp-content\/uploads\/2014\/11\/loods1.png\" alt=\"HANDLING\"\/><section class=\"overlay\"><span class=\"caption heading-font\">HANDLING<\/span><\/section><section class=\"overlay-two\"><h3 class=\"ozy-vertical-centered-element\">HANDLING<\/h3><\/section>\n<\/a>[\/vc_column_inner][vc_column_inner width=&#8220;1\/4&#8243;]<a href=\"\" target=\"_self\" class=\"ozy-colored-content-box\" id=\"fancybox-2308\">\n<img decoding=\"async\" src=\"https:\/\/www.jandewaaltransport.nl\/wp-content\/uploads\/2014\/11\/loods2.png\" alt=\"CROSS-DOCKING\"\/><section class=\"overlay\"><span class=\"caption heading-font\">CROSS-DOCKING<\/span><\/section><section class=\"overlay-two\"><h3 class=\"ozy-vertical-centered-element\">CROSS-DOCKING<\/h3><\/section>\n<\/a>[\/vc_column_inner][vc_column_inner width=&#8220;1\/4&#8243;]<a href=\"\" target=\"_self\" class=\"ozy-colored-content-box\" id=\"fancybox-928\">\n<img decoding=\"async\" src=\"https:\/\/www.jandewaaltransport.nl\/wp-content\/uploads\/2014\/11\/loods3.png\" alt=\"WERT TRANSPORT\"\/><section class=\"overlay\"><span class=\"caption heading-font\">WERT TRANSPORT<\/span><\/section><section class=\"overlay-two\"><h3 class=\"ozy-vertical-centered-element\">WERT TRANSPORT<\/h3><\/section>\n<\/a>[\/vc_column_inner][vc_column_inner width=&#8220;1\/4&#8243;]<a href=\"\" target=\"_self\" class=\"ozy-colored-content-box\" id=\"fancybox-9242\">\n<img decoding=\"async\" src=\"https:\/\/www.jandewaaltransport.nl\/wp-content\/uploads\/2024\/08\/IFS-Certificaat-2024-1.jpg\" alt=\"IFS-ZERTIFIZIERUNG\"\/><section class=\"overlay\"><span class=\"caption heading-font\">IFS-ZERTIFIZIERUNG<\/span><\/section><section class=\"overlay-two\"><h3 class=\"ozy-vertical-centered-element\">IFS-ZERTIFIZIERUNG<\/h3><\/section>\n<\/a>[\/vc_column_inner][\/vc_row_inner][\/vc_column][\/vc_row][vc_row][vc_column][vc_separator][\/vc_column][\/vc_row]<\/p>\n<\/div>","protected":false},"excerpt":{"rendered":"<p>[vc_row][vc_column][vc_empty_space][\/vc_column][\/vc_row][vc_row][vc_column][vc_single_image image=&#8220;5903&#8243; img_size=&#8220;full&#8220; alignment=&#8220;center&#8220; style=&#8220;vc_box_shadow_border&#8220;][\/vc_column][\/vc_row][vc_row][vc_column][vc_column_text] Speicherung und \u00dcbertragung&#8230; Wir haben Bleiswijk \u00fcber 450 m2 Cross-Dock Raum und K\u00fchllagerung. Wir haben Zugang zu vier Be- \/ Entladen Docks. Unsere t\u00e4gliche &#8222;business&#8220;, [&hellip;]<\/p>\n","protected":false},"author":1,"featured_media":0,"parent":4279,"menu_order":0,"comment_status":"closed","ping_status":"closed","template":"","meta":{"footnotes":""},"class_list":["post-4275","page","type-page","status-publish","hentry"],"_links":{"self":[{"href":"https:\/\/www.jandewaaltransport.nl\/index.php\/wp-json\/wp\/v2\/pages\/4275\/?lang=de"}],"collection":[{"href":"https:\/\/www.jandewaaltransport.nl\/index.php\/wp-json\/wp\/v2\/pages\/?lang=de"}],"about":[{"href":"https:\/\/www.jandewaaltransport.nl\/index.php\/wp-json\/wp\/v2\/types\/page\/?lang=de"}],"author":[{"embeddable":true,"href":"https:\/\/www.jandewaaltransport.nl\/index.php\/wp-json\/wp\/v2\/users\/1\/?lang=de"}],"replies":[{"embeddable":true,"href":"https:\/\/www.jandewaaltransport.nl\/index.php\/wp-json\/wp\/v2\/comments\/?lang=de&post=4275"}],"version-history":[{"count":12,"href":"https:\/\/www.jandewaaltransport.nl\/index.php\/wp-json\/wp\/v2\/pages\/4275\/revisions\/?lang=de"}],"predecessor-version":[{"id":6439,"href":"https:\/\/www.jandewaaltransport.nl\/index.php\/wp-json\/wp\/v2\/pages\/4275\/revisions\/6439\/?lang=de"}],"up":[{"embeddable":true,"href":"https:\/\/www.jandewaaltransport.nl\/index.php\/wp-json\/wp\/v2\/pages\/4279\/?lang=de"}],"wp:attachment":[{"href":"https:\/\/www.jandewaaltransport.nl\/index.php\/wp-json\/wp\/v2\/media\/?lang=de&parent=4275"}],"curies":[{"name":"wp","href":"https:\/\/api.w.org\/{rel}","templated":true}]}}