{"id":4279,"date":"2015-06-16T13:07:11","date_gmt":"2015-06-16T13:07:11","guid":{"rendered":"http:\/\/www.jandewaaltransport.nl\/?page_id=4279"},"modified":"2021-01-26T21:53:31","modified_gmt":"2021-01-26T21:53:31","slug":"dienstleistungen","status":"publish","type":"page","link":"https:\/\/www.jandewaaltransport.nl\/index.php\/dienstleistungen\/?lang=de","title":{"rendered":"DIENSTLEISTUNGEN"},"content":{"rendered":"<div class=\"wpb-content-wrapper\"><p>[vc_row][vc_column][vc_empty_space][\/vc_column][\/vc_row][vc_row][vc_column][vc_column_text]Wir sind ein unabh\u00e4ngiges Transportunternehmen f\u00fcr alle Ihre nationalen und internationalen Transporte.<br \/>\nWir haben immer die beste Transportl\u00f6sung f\u00fcr Sie beim Transport (sowohl vollst\u00e4ndig als auch gruppiert) von Obst \/ Gem\u00fcse und Blumen \/ Pflanzen. [\/vc_column_text][\/vc_column][\/vc_row][vc_row][vc_column][vc_separator border_width=&#8220;3&#8243;][\/vc_column][\/vc_row][vc_column][\/vc_column]<\/p>\n<\/div>","protected":false},"excerpt":{"rendered":"<p>[vc_row][vc_column][vc_empty_space][\/vc_column][\/vc_row][vc_row][vc_column][vc_column_text]Wir sind ein unabh\u00e4ngiges Transportunternehmen f\u00fcr alle Ihre nationalen und internationalen Transporte. Wir haben immer die beste Transportl\u00f6sung f\u00fcr Sie beim Transport (sowohl vollst\u00e4ndig als auch gruppiert) von Obst \/ [&hellip;]<\/p>\n","protected":false},"author":1,"featured_media":0,"parent":0,"menu_order":0,"comment_status":"closed","ping_status":"closed","template":"","meta":{"footnotes":""},"class_list":["post-4279","page","type-page","status-publish","hentry"],"_links":{"self":[{"href":"https:\/\/www.jandewaaltransport.nl\/index.php\/wp-json\/wp\/v2\/pages\/4279\/?lang=de"}],"collection":[{"href":"https:\/\/www.jandewaaltransport.nl\/index.php\/wp-json\/wp\/v2\/pages\/?lang=de"}],"about":[{"href":"https:\/\/www.jandewaaltransport.nl\/index.php\/wp-json\/wp\/v2\/types\/page\/?lang=de"}],"author":[{"embeddable":true,"href":"https:\/\/www.jandewaaltransport.nl\/index.php\/wp-json\/wp\/v2\/users\/1\/?lang=de"}],"replies":[{"embeddable":true,"href":"https:\/\/www.jandewaaltransport.nl\/index.php\/wp-json\/wp\/v2\/comments\/?lang=de&post=4279"}],"version-history":[{"count":2,"href":"https:\/\/www.jandewaaltransport.nl\/index.php\/wp-json\/wp\/v2\/pages\/4279\/revisions\/?lang=de"}],"predecessor-version":[{"id":6233,"href":"https:\/\/www.jandewaaltransport.nl\/index.php\/wp-json\/wp\/v2\/pages\/4279\/revisions\/6233\/?lang=de"}],"wp:attachment":[{"href":"https:\/\/www.jandewaaltransport.nl\/index.php\/wp-json\/wp\/v2\/media\/?lang=de&parent=4279"}],"curies":[{"name":"wp","href":"https:\/\/api.w.org\/{rel}","templated":true}]}}