{"id":4281,"date":"2015-06-16T13:11:36","date_gmt":"2015-06-16T13:11:36","guid":{"rendered":"http:\/\/www.jandewaaltransport.nl\/?page_id=4281"},"modified":"2021-01-26T23:47:41","modified_gmt":"2021-01-26T23:47:41","slug":"pflanzentransport","status":"publish","type":"page","link":"https:\/\/www.jandewaaltransport.nl\/index.php\/dienstleistungen\/pflanzentransport\/?lang=de","title":{"rendered":"Pflanzentransport"},"content":{"rendered":"<div class=\"wpb-content-wrapper\"><p>[vc_row][vc_column][vc_empty_space][\/vc_column][\/vc_row][vc_row css=&#8220;.vc_custom_1414841734642{margin-top: 0px !important;padding-top: 40px !important;}&#8220;][vc_column][vc_single_image image=&#8220;5768&#8243; img_size=&#8220;full&#8220; alignment=&#8220;center&#8220; style=&#8220;vc_box_shadow_border&#8220;][\/vc_column][\/vc_row][vc_row][vc_column width=&#8220;2\/3&#8243;][vc_column_text]<\/p>\n<h3>Pflanzentransport<\/h3>\n<h5>Pflanzen Transport ist ein Service bieten wir seit geraumer Zeit. Wir haben die F\u00e4higkeiten, das Fachwissen und Netzwerk schneller als alle anderen zu sein.<\/h5>\n<h6>F\u00fcr uns Transportanlagen nicht immer tragen mit einer Temperatur.\u00a0Weil wir Antriebs &#8222;Doppelverdampfer &#8218;k\u00f6nnen wir unterschiedliche Temperaturen bereitzustellen. Unsere hervorragende Infrastruktur sorgt daf\u00fcr, dass die gew\u00fcnschte Temperatur nicht unterbrochen wird.\u00a0Wenn Sie die Blumen und Pflanzen in Finnland transportieren m\u00f6chten? Scandinavi\u00eb Transport De Waal BV stellt diese Blumeninnerbetrieblichen Transport, wie f\u00fcr Sie.<\/h6>\n<p>[\/vc_column_text][\/vc_column][vc_column width=&#8220;1\/3&#8243;][vc_single_image image=&#8220;5772&#8243; img_size=&#8220;full&#8220; style=&#8220;vc_box_shadow_border&#8220;][\/vc_column][\/vc_row][vc_row][vc_column][vc_separator border_width=&#8220;3&#8243;][\/vc_column][\/vc_row]<\/p>\n<\/div>","protected":false},"excerpt":{"rendered":"<p>[vc_row][vc_column][vc_empty_space][\/vc_column][\/vc_row][vc_row css=&#8220;.vc_custom_1414841734642{margin-top: 0px !important;padding-top: 40px !important;}&#8220;][vc_column][vc_single_image image=&#8220;5768&#8243; img_size=&#8220;full&#8220; alignment=&#8220;center&#8220; style=&#8220;vc_box_shadow_border&#8220;][\/vc_column][\/vc_row][vc_row][vc_column width=&#8220;2\/3&#8243;][vc_column_text] Pflanzentransport Pflanzen Transport ist ein Service bieten wir seit geraumer Zeit. Wir haben die F\u00e4higkeiten, das Fachwissen und Netzwerk [&hellip;]<\/p>\n","protected":false},"author":1,"featured_media":0,"parent":4279,"menu_order":2,"comment_status":"closed","ping_status":"closed","template":"","meta":{"footnotes":""},"class_list":["post-4281","page","type-page","status-publish","hentry"],"_links":{"self":[{"href":"https:\/\/www.jandewaaltransport.nl\/index.php\/wp-json\/wp\/v2\/pages\/4281\/?lang=de"}],"collection":[{"href":"https:\/\/www.jandewaaltransport.nl\/index.php\/wp-json\/wp\/v2\/pages\/?lang=de"}],"about":[{"href":"https:\/\/www.jandewaaltransport.nl\/index.php\/wp-json\/wp\/v2\/types\/page\/?lang=de"}],"author":[{"embeddable":true,"href":"https:\/\/www.jandewaaltransport.nl\/index.php\/wp-json\/wp\/v2\/users\/1\/?lang=de"}],"replies":[{"embeddable":true,"href":"https:\/\/www.jandewaaltransport.nl\/index.php\/wp-json\/wp\/v2\/comments\/?lang=de&post=4281"}],"version-history":[{"count":9,"href":"https:\/\/www.jandewaaltransport.nl\/index.php\/wp-json\/wp\/v2\/pages\/4281\/revisions\/?lang=de"}],"predecessor-version":[{"id":6251,"href":"https:\/\/www.jandewaaltransport.nl\/index.php\/wp-json\/wp\/v2\/pages\/4281\/revisions\/6251\/?lang=de"}],"up":[{"embeddable":true,"href":"https:\/\/www.jandewaaltransport.nl\/index.php\/wp-json\/wp\/v2\/pages\/4279\/?lang=de"}],"wp:attachment":[{"href":"https:\/\/www.jandewaaltransport.nl\/index.php\/wp-json\/wp\/v2\/media\/?lang=de&parent=4281"}],"curies":[{"name":"wp","href":"https:\/\/api.w.org\/{rel}","templated":true}]}}