{"id":4285,"date":"2015-06-16T13:18:43","date_gmt":"2015-06-16T13:18:43","guid":{"rendered":"http:\/\/www.jandewaaltransport.nl\/?page_id=4285"},"modified":"2021-01-26T23:49:03","modified_gmt":"2021-01-26T23:49:03","slug":"fruchttransport","status":"publish","type":"page","link":"https:\/\/www.jandewaaltransport.nl\/index.php\/dienstleistungen\/fruchttransport\/?lang=de","title":{"rendered":"Fruchttransport"},"content":{"rendered":"<div class=\"wpb-content-wrapper\"><p>[vc_row][vc_column][vc_empty_space][\/vc_column][\/vc_row][vc_row css=&#8220;.vc_custom_1414841734642{margin-top: 0px !important;padding-top: 40px !important;}&#8220;][vc_column][vc_single_image image=&#8220;5861&#8243; img_size=&#8220;full&#8220; alignment=&#8220;center&#8220; style=&#8220;vc_box_shadow_border&#8220;][\/vc_column][\/vc_row][vc_row][vc_column width=&#8220;2\/3&#8243;][vc_column_text]<\/p>\n<h3>Fruchttransport<\/h3>\n<h5>Durch unsere langj\u00e4hrige Erfahrung wissen wir besser als jeder andere, was Anforderungen an den Transport von Frischwaren wie Obst verh\u00e4ngt. Mit unserem qualifizierten Personal und moderne Ausstattung sorgen wir daf\u00fcr, Produkte richtig transportiert. Auf diese Weise werden Sie nicht zu brauchen, und Sie m\u00fcssen nicht \u00fcber die Frucht Transport sorgen.<\/h5>\n<h6>Jan de Waal Transport BV hat eine neue und moderne Flotte f\u00fcr den Transport von Dingen wie Obst. Ihre Transportauftr\u00e4ge werden gleichm\u00e4\u00dfig ausgef\u00fchrt, den Kunden und seine \/ ihre Waren Zentral sind!<\/h6>\n<p>[\/vc_column_text][\/vc_column][vc_column width=&#8220;1\/3&#8243;][vc_single_image image=&#8220;5857&#8243; img_size=&#8220;full&#8220; alignment=&#8220;right&#8220; style=&#8220;vc_box_shadow_border&#8220;][\/vc_column][\/vc_row][vc_row][vc_column][vc_separator border_width=&#8220;3&#8243;][\/vc_column][\/vc_row]<\/p>\n<\/div>","protected":false},"excerpt":{"rendered":"<p>[vc_row][vc_column][vc_empty_space][\/vc_column][\/vc_row][vc_row css=&#8220;.vc_custom_1414841734642{margin-top: 0px !important;padding-top: 40px !important;}&#8220;][vc_column][vc_single_image image=&#8220;5861&#8243; img_size=&#8220;full&#8220; alignment=&#8220;center&#8220; style=&#8220;vc_box_shadow_border&#8220;][\/vc_column][\/vc_row][vc_row][vc_column width=&#8220;2\/3&#8243;][vc_column_text] Fruchttransport Durch unsere langj\u00e4hrige Erfahrung wissen wir besser als jeder andere, was Anforderungen an den Transport von Frischwaren wie [&hellip;]<\/p>\n","protected":false},"author":1,"featured_media":0,"parent":4279,"menu_order":4,"comment_status":"closed","ping_status":"closed","template":"","meta":{"footnotes":""},"class_list":["post-4285","page","type-page","status-publish","hentry"],"_links":{"self":[{"href":"https:\/\/www.jandewaaltransport.nl\/index.php\/wp-json\/wp\/v2\/pages\/4285\/?lang=de"}],"collection":[{"href":"https:\/\/www.jandewaaltransport.nl\/index.php\/wp-json\/wp\/v2\/pages\/?lang=de"}],"about":[{"href":"https:\/\/www.jandewaaltransport.nl\/index.php\/wp-json\/wp\/v2\/types\/page\/?lang=de"}],"author":[{"embeddable":true,"href":"https:\/\/www.jandewaaltransport.nl\/index.php\/wp-json\/wp\/v2\/users\/1\/?lang=de"}],"replies":[{"embeddable":true,"href":"https:\/\/www.jandewaaltransport.nl\/index.php\/wp-json\/wp\/v2\/comments\/?lang=de&post=4285"}],"version-history":[{"count":6,"href":"https:\/\/www.jandewaaltransport.nl\/index.php\/wp-json\/wp\/v2\/pages\/4285\/revisions\/?lang=de"}],"predecessor-version":[{"id":6253,"href":"https:\/\/www.jandewaaltransport.nl\/index.php\/wp-json\/wp\/v2\/pages\/4285\/revisions\/6253\/?lang=de"}],"up":[{"embeddable":true,"href":"https:\/\/www.jandewaaltransport.nl\/index.php\/wp-json\/wp\/v2\/pages\/4279\/?lang=de"}],"wp:attachment":[{"href":"https:\/\/www.jandewaaltransport.nl\/index.php\/wp-json\/wp\/v2\/media\/?lang=de&parent=4285"}],"curies":[{"name":"wp","href":"https:\/\/api.w.org\/{rel}","templated":true}]}}