{"id":5522,"date":"2019-02-27T21:01:22","date_gmt":"2019-02-27T21:01:22","guid":{"rendered":"https:\/\/www.jandewaaltransport.nl\/?page_id=5522"},"modified":"2021-01-25T20:24:00","modified_gmt":"2021-01-25T20:24:00","slug":"conditions-generales-de-transport","status":"publish","type":"page","link":"https:\/\/www.jandewaaltransport.nl\/index.php\/conditions-generales-de-transport\/?lang=fr","title":{"rendered":"Conditions g\u00e9n\u00e9rales de transport"},"content":{"rendered":"<div class=\"wpb-content-wrapper\"><p>[vc_row][vc_column][vc_empty_space][\/vc_column][\/vc_row][vc_row][vc_column][vc_single_image image=\u00a0\u00bb6064&Prime; img_size=\u00a0\u00bbfull\u00a0\u00bb alignment=\u00a0\u00bbcenter\u00a0\u00bb style=\u00a0\u00bbvc_box_shadow_border\u00a0\u00bb][\/vc_column][\/vc_row][vc_row][vc_column width=\u00a0\u00bb1\/4&Prime;][vc_single_image image=\u00a0\u00bb5460&Prime; img_size=\u00a0\u00bb138&#215;167&Prime; style=\u00a0\u00bbvc_box_shadow_border\u00a0\u00bb][vc_column_text]<\/p>\r\n<p>\u2022 <a href=\"https:\/\/www.jandewaaltransport.nl\/wp-content\/uploads\/2019\/02\/Algemene-Vervoerscondities-NL.pdf\" target=\"_blank\" rel=\"noreferrer noopener\" aria-label=\"Conditions g\u00e9n\u00e9rales de transport (opent in een nieuwe tab)\">Conditions g\u00e9n\u00e9rales de transport<\/a><br \/>\r\n<em>\u00a0 \u00a0(Actuellement disponible uniquement<br \/>\r\nen n\u00e9erlandais)<\/em><\/p>\r\n<p>[\/vc_column_text][vc_column_text]<\/p>\r\n<p>\u2022 <a href=\"https:\/\/www.jandewaaltransport.nl\/wp-content\/uploads\/2019\/02\/CMR-Verdrag-NL.pdf\" target=\"_blank\" rel=\"noreferrer noopener\" aria-label=\"Convention CMR (opent in een nieuwe tab)\">Convention CMR<\/a><br \/>\r\n<em>\u00a0 \u00a0(Actuellement disponible uniquement<br \/>\r\nen n\u00e9erlandais)<\/em><\/p>\r\n<p>[\/vc_column_text][\/vc_column][vc_column width=\u00a0\u00bb3\/4&Prime;][vc_column_text]<\/p>\r\n<h3>Conditions de transport<\/h3>\r\n<h6 class=\"has-normal-font-size\">Les conditions d\u00e9crites dans les Conditions g\u00e9n\u00e9rales de transport s&rsquo;appliquent \u00e0 tous les ordres de transport. Vous pouvez le t\u00e9l\u00e9charger ci-dessous.<\/h6>\r\n<p>[\/vc_column_text][\/vc_column][\/vc_row]<\/p>\r\n<\/div>","protected":false},"excerpt":{"rendered":"<p>[vc_row][vc_column][vc_empty_space][\/vc_column][\/vc_row][vc_row][vc_column][vc_single_image image=\u00a0\u00bb6064&Prime; img_size=\u00a0\u00bbfull\u00a0\u00bb alignment=\u00a0\u00bbcenter\u00a0\u00bb style=\u00a0\u00bbvc_box_shadow_border\u00a0\u00bb][\/vc_column][\/vc_row][vc_row][vc_column width=\u00a0\u00bb1\/4&Prime;][vc_single_image image=\u00a0\u00bb5460&Prime; img_size=\u00a0\u00bb138&#215;167&Prime; style=\u00a0\u00bbvc_box_shadow_border\u00a0\u00bb][vc_column_text] \u2022 Conditions g\u00e9n\u00e9rales de transport \u00a0 \u00a0(Actuellement disponible uniquement en n\u00e9erlandais) [\/vc_column_text][vc_column_text] \u2022 Convention CMR \u00a0 \u00a0(Actuellement disponible uniquement en n\u00e9erlandais) [&hellip;]<\/p>\n","protected":false},"author":1,"featured_media":0,"parent":0,"menu_order":0,"comment_status":"closed","ping_status":"closed","template":"","meta":{"footnotes":""},"class_list":["post-5522","page","type-page","status-publish","hentry"],"_links":{"self":[{"href":"https:\/\/www.jandewaaltransport.nl\/index.php\/wp-json\/wp\/v2\/pages\/5522\/?lang=fr"}],"collection":[{"href":"https:\/\/www.jandewaaltransport.nl\/index.php\/wp-json\/wp\/v2\/pages\/?lang=fr"}],"about":[{"href":"https:\/\/www.jandewaaltransport.nl\/index.php\/wp-json\/wp\/v2\/types\/page\/?lang=fr"}],"author":[{"embeddable":true,"href":"https:\/\/www.jandewaaltransport.nl\/index.php\/wp-json\/wp\/v2\/users\/1\/?lang=fr"}],"replies":[{"embeddable":true,"href":"https:\/\/www.jandewaaltransport.nl\/index.php\/wp-json\/wp\/v2\/comments\/?lang=fr&post=5522"}],"version-history":[{"count":13,"href":"https:\/\/www.jandewaaltransport.nl\/index.php\/wp-json\/wp\/v2\/pages\/5522\/revisions\/?lang=fr"}],"predecessor-version":[{"id":6212,"href":"https:\/\/www.jandewaaltransport.nl\/index.php\/wp-json\/wp\/v2\/pages\/5522\/revisions\/6212\/?lang=fr"}],"wp:attachment":[{"href":"https:\/\/www.jandewaaltransport.nl\/index.php\/wp-json\/wp\/v2\/media\/?lang=fr&parent=5522"}],"curies":[{"name":"wp","href":"https:\/\/api.w.org\/{rel}","templated":true}]}}