{"id":6309,"date":"2021-01-30T23:16:15","date_gmt":"2021-01-30T23:16:15","guid":{"rendered":"https:\/\/www.jandewaaltransport.nl\/?page_id=6309"},"modified":"2021-01-30T23:19:42","modified_gmt":"2021-01-30T23:19:42","slug":"mission-et-vision","status":"publish","type":"page","link":"https:\/\/www.jandewaaltransport.nl\/index.php\/mission-et-vision\/?lang=fr","title":{"rendered":"Mission et vision"},"content":{"rendered":"<div class=\"wpb-content-wrapper\"><p>[vc_row][vc_column][vc_empty_space][\/vc_column][\/vc_row][vc_row][vc_column][vc_single_image image=\u00a0\u00bb5064&Prime; img_size=\u00a0\u00bb750&#215;473&Prime; alignment=\u00a0\u00bbcenter\u00a0\u00bb style=\u00a0\u00bbvc_box_shadow_border\u00a0\u00bb][\/vc_column][\/vc_row][vc_row][vc_column width=\u00a0\u00bb1\/2&Prime;][vc_column_text]<\/p>\n<h3>Notre Mission\u2026<\/h3>\n<h6>Jan de Waal transport bv est un company\u2019d comme une extension de nos clients. Notre mission consiste donc \u00e0 d\u00e9charger de nos clients. Ils doivent \u00eatre en mesure de livrer leur mission avec confiance \u00e0 nous et nous nous occupons de tout dans les moindres d\u00e9tails. Notre mission est; sois le meilleur!!<\/h6>\n<p>[\/vc_column_text][\/vc_column][vc_column width=\u00a0\u00bb1\/2&Prime;][vc_column_text]<\/p>\n<h3>Notre vision\u2026<\/h3>\n<h6>En devenant trop grand, nous avons des lignes courtes avec nos employ\u00e9s et nos clients. Qualit\u00e9 et service sont nos priorit\u00e9s \u00e0 100% et nous allons pour cela!!<\/h6>\n<p>[\/vc_column_text][\/vc_column][\/vc_row][vc_row][vc_column][vc_separator][\/vc_column][\/vc_row]<\/p>\n<\/div>","protected":false},"excerpt":{"rendered":"<p>[vc_row][vc_column][vc_empty_space][\/vc_column][\/vc_row][vc_row][vc_column][vc_single_image image=\u00a0\u00bb5064&Prime; img_size=\u00a0\u00bb750&#215;473&Prime; alignment=\u00a0\u00bbcenter\u00a0\u00bb style=\u00a0\u00bbvc_box_shadow_border\u00a0\u00bb][\/vc_column][\/vc_row][vc_row][vc_column width=\u00a0\u00bb1\/2&Prime;][vc_column_text] Notre Mission\u2026 Jan de Waal transport bv est un company\u2019d comme une extension de nos clients. Notre mission consiste donc \u00e0 d\u00e9charger de nos [&hellip;]<\/p>\n","protected":false},"author":1,"featured_media":0,"parent":0,"menu_order":0,"comment_status":"closed","ping_status":"closed","template":"","meta":{"footnotes":""},"class_list":["post-6309","page","type-page","status-publish","hentry"],"_links":{"self":[{"href":"https:\/\/www.jandewaaltransport.nl\/index.php\/wp-json\/wp\/v2\/pages\/6309\/?lang=fr"}],"collection":[{"href":"https:\/\/www.jandewaaltransport.nl\/index.php\/wp-json\/wp\/v2\/pages\/?lang=fr"}],"about":[{"href":"https:\/\/www.jandewaaltransport.nl\/index.php\/wp-json\/wp\/v2\/types\/page\/?lang=fr"}],"author":[{"embeddable":true,"href":"https:\/\/www.jandewaaltransport.nl\/index.php\/wp-json\/wp\/v2\/users\/1\/?lang=fr"}],"replies":[{"embeddable":true,"href":"https:\/\/www.jandewaaltransport.nl\/index.php\/wp-json\/wp\/v2\/comments\/?lang=fr&post=6309"}],"version-history":[{"count":3,"href":"https:\/\/www.jandewaaltransport.nl\/index.php\/wp-json\/wp\/v2\/pages\/6309\/revisions\/?lang=fr"}],"predecessor-version":[{"id":6312,"href":"https:\/\/www.jandewaaltransport.nl\/index.php\/wp-json\/wp\/v2\/pages\/6309\/revisions\/6312\/?lang=fr"}],"wp:attachment":[{"href":"https:\/\/www.jandewaaltransport.nl\/index.php\/wp-json\/wp\/v2\/media\/?lang=fr&parent=6309"}],"curies":[{"name":"wp","href":"https:\/\/api.w.org\/{rel}","templated":true}]}}